{"id":983,"date":"2022-11-22T08:45:18","date_gmt":"2022-11-22T11:45:18","guid":{"rendered":"https:\/\/geoinformatica.com.py\/?page_id=983"},"modified":"2022-12-15T09:19:13","modified_gmt":"2022-12-15T12:19:13","slug":"proyecto-alcantarillado-piribebuy","status":"publish","type":"page","link":"https:\/\/geoinformatica.com.py\/index.php\/proyecto-alcantarillado-piribebuy\/","title":{"rendered":"Levantamiento Cartogr\u00e1fico"},"content":{"rendered":"<h2 style=\"text-align: center;\">Proyecto Alcantarillado Eusebio Ayala, Piribebuy, San Estanislao y Alberdi<\/h2>\n<h3 style=\"text-align: center;\">Dentro del proceso para el saneamiento de las ciudades Eusebio Ayala, Piribebuy, San Estanislao y Alberdi, se dio inicio al trabajo de consultor\u00eda, para desarrollar los estudios de factibilidad y elaboraci\u00f3n de anteproyecto avanzado para sistemas de alcantarillado sanitario, planta de tratamiento de aguas residuales y mejoras del sistema de agua potable para cuatro ciudades intermedias de la Regi\u00f3n Oriental de Paraguay.<\/h3>\n<h4 style=\"text-align: center;\">GEOINFORMATICA CONSULTORES a su vez, fue el encargado de la realizaci\u00f3n de los estudios de topograf\u00eda necesarios para realizar los dise\u00f1os de los siguientes componentes:<\/h4>\n<h4 style=\"text-align: center;\">Plantas de tratamiento de Aguas Residuales (PTAR)<\/h4>\n<h4 style=\"text-align: center;\">Estaciones de Bombeo (EBAR)<\/h4>\n<h4 style=\"text-align: center;\">Colectores y redes de alcantarillado<\/h4>\n<p>&nbsp;<\/p>\n<p>&nbsp;<\/p>\n<div class=\"tiled-gallery type-square tiled-gallery-unresized\" data-original-width=\"500\" data-carousel-extra='{&quot;blog_id&quot;:1,&quot;permalink&quot;:&quot;https:\\\/\\\/geoinformatica.com.py\\\/index.php\\\/proyecto-alcantarillado-piribebuy\\\/&quot;,&quot;likes_blog_id&quot;:209873348}' itemscope itemtype=\"http:\/\/schema.org\/ImageGallery\" > <div class=\"gallery-row\" style=\"width: 500px; height: 125px;\" data-original-width=\"500\" data-original-height=\"125\" > <div class=\"gallery-group\" style=\"width: 125px; height: 125px;\" data-original-width=\"125\" data-original-height=\"125\" > <div class=\"tiled-gallery-item \" itemprop=\"associatedMedia\" itemscope itemtype=\"http:\/\/schema.org\/ImageObject\"> <a href=\"https:\/\/i0.wp.com\/geoinformatica.com.py\/wp-content\/uploads\/2022\/11\/273110593_4890051387751498_4130194680785912388_n.jpg?ssl=1\" border=\"0\" itemprop=\"url\"> <meta itemprop=\"width\" content=\"121\"> <meta itemprop=\"height\" content=\"121\"> <img loading=\"lazy\" decoding=\"async\" data-attachment-id=\"985\" data-orig-file=\"https:\/\/geoinformatica.com.py\/wp-content\/uploads\/2022\/11\/273110593_4890051387751498_4130194680785912388_n.jpg\" data-orig-size=\"576,1280\" data-comments-opened=\"1\" data-image-meta=\"{&quot;aperture&quot;:&quot;0&quot;,&quot;credit&quot;:&quot;&quot;,&quot;camera&quot;:&quot;&quot;,&quot;caption&quot;:&quot;&quot;,&quot;created_timestamp&quot;:&quot;0&quot;,&quot;copyright&quot;:&quot;&quot;,&quot;focal_length&quot;:&quot;0&quot;,&quot;iso&quot;:&quot;0&quot;,&quot;shutter_speed&quot;:&quot;0&quot;,&quot;title&quot;:&quot;&quot;,&quot;orientation&quot;:&quot;0&quot;}\" data-image-title=\"273110593_4890051387751498_4130194680785912388_n\" data-image-description=\"\" data-medium-file=\"https:\/\/i0.wp.com\/geoinformatica.com.py\/wp-content\/uploads\/2022\/11\/273110593_4890051387751498_4130194680785912388_n.jpg?fit=135%2C300&#038;ssl=1\" data-large-file=\"https:\/\/i0.wp.com\/geoinformatica.com.py\/wp-content\/uploads\/2022\/11\/273110593_4890051387751498_4130194680785912388_n.jpg?fit=461%2C1024&#038;ssl=1\" src=\"https:\/\/i0.wp.com\/geoinformatica.com.py\/wp-content\/uploads\/2022\/11\/273110593_4890051387751498_4130194680785912388_n.jpg?w=121&#038;h=121&#038;crop=1&#038;ssl=1\" width=\"121\" height=\"121\" data-original-width=\"121\" data-original-height=\"121\" itemprop=\"http:\/\/schema.org\/image\" title=\"273110593_4890051387751498_4130194680785912388_n\" alt=\"273110593_4890051387751498_4130194680785912388_n\" style=\"width: 121px; height: 121px;\" \/> <\/a> <\/div> <\/div> <div class=\"gallery-group\" style=\"width: 125px; height: 125px;\" data-original-width=\"125\" data-original-height=\"125\" > <div class=\"tiled-gallery-item \" itemprop=\"associatedMedia\" itemscope itemtype=\"http:\/\/schema.org\/ImageObject\"> <a href=\"https:\/\/i0.wp.com\/geoinformatica.com.py\/wp-content\/uploads\/2022\/11\/273143847_4890051814418122_6233773334084101540_n.jpg?ssl=1\" border=\"0\" itemprop=\"url\"> <meta itemprop=\"width\" content=\"121\"> <meta itemprop=\"height\" content=\"121\"> <img loading=\"lazy\" decoding=\"async\" data-attachment-id=\"986\" data-orig-file=\"https:\/\/geoinformatica.com.py\/wp-content\/uploads\/2022\/11\/273143847_4890051814418122_6233773334084101540_n.jpg\" data-orig-size=\"576,1280\" data-comments-opened=\"1\" data-image-meta=\"{&quot;aperture&quot;:&quot;0&quot;,&quot;credit&quot;:&quot;&quot;,&quot;camera&quot;:&quot;&quot;,&quot;caption&quot;:&quot;&quot;,&quot;created_timestamp&quot;:&quot;0&quot;,&quot;copyright&quot;:&quot;&quot;,&quot;focal_length&quot;:&quot;0&quot;,&quot;iso&quot;:&quot;0&quot;,&quot;shutter_speed&quot;:&quot;0&quot;,&quot;title&quot;:&quot;&quot;,&quot;orientation&quot;:&quot;0&quot;}\" data-image-title=\"273143847_4890051814418122_6233773334084101540_n\" data-image-description=\"\" data-medium-file=\"https:\/\/i0.wp.com\/geoinformatica.com.py\/wp-content\/uploads\/2022\/11\/273143847_4890051814418122_6233773334084101540_n.jpg?fit=135%2C300&#038;ssl=1\" data-large-file=\"https:\/\/i0.wp.com\/geoinformatica.com.py\/wp-content\/uploads\/2022\/11\/273143847_4890051814418122_6233773334084101540_n.jpg?fit=461%2C1024&#038;ssl=1\" src=\"https:\/\/i0.wp.com\/geoinformatica.com.py\/wp-content\/uploads\/2022\/11\/273143847_4890051814418122_6233773334084101540_n.jpg?w=121&#038;h=121&#038;crop=1&#038;ssl=1\" width=\"121\" height=\"121\" data-original-width=\"121\" data-original-height=\"121\" itemprop=\"http:\/\/schema.org\/image\" title=\"273143847_4890051814418122_6233773334084101540_n\" alt=\"273143847_4890051814418122_6233773334084101540_n\" style=\"width: 121px; height: 121px;\" \/> <\/a> <\/div> <\/div> <div class=\"gallery-group\" style=\"width: 125px; height: 125px;\" data-original-width=\"125\" data-original-height=\"125\" > <div class=\"tiled-gallery-item \" itemprop=\"associatedMedia\" itemscope itemtype=\"http:\/\/schema.org\/ImageObject\"> <a href=\"https:\/\/i0.wp.com\/geoinformatica.com.py\/wp-content\/uploads\/2022\/11\/273226047_4890051367751500_2439208792867128621_n.jpg?ssl=1\" border=\"0\" itemprop=\"url\"> <meta itemprop=\"width\" content=\"121\"> <meta itemprop=\"height\" content=\"121\"> <img loading=\"lazy\" decoding=\"async\" data-attachment-id=\"989\" data-orig-file=\"https:\/\/geoinformatica.com.py\/wp-content\/uploads\/2022\/11\/273226047_4890051367751500_2439208792867128621_n.jpg\" data-orig-size=\"576,1280\" data-comments-opened=\"1\" data-image-meta=\"{&quot;aperture&quot;:&quot;0&quot;,&quot;credit&quot;:&quot;&quot;,&quot;camera&quot;:&quot;&quot;,&quot;caption&quot;:&quot;&quot;,&quot;created_timestamp&quot;:&quot;0&quot;,&quot;copyright&quot;:&quot;&quot;,&quot;focal_length&quot;:&quot;0&quot;,&quot;iso&quot;:&quot;0&quot;,&quot;shutter_speed&quot;:&quot;0&quot;,&quot;title&quot;:&quot;&quot;,&quot;orientation&quot;:&quot;0&quot;}\" data-image-title=\"273226047_4890051367751500_2439208792867128621_n\" data-image-description=\"\" data-medium-file=\"https:\/\/i0.wp.com\/geoinformatica.com.py\/wp-content\/uploads\/2022\/11\/273226047_4890051367751500_2439208792867128621_n.jpg?fit=135%2C300&#038;ssl=1\" data-large-file=\"https:\/\/i0.wp.com\/geoinformatica.com.py\/wp-content\/uploads\/2022\/11\/273226047_4890051367751500_2439208792867128621_n.jpg?fit=461%2C1024&#038;ssl=1\" src=\"https:\/\/i0.wp.com\/geoinformatica.com.py\/wp-content\/uploads\/2022\/11\/273226047_4890051367751500_2439208792867128621_n.jpg?w=121&#038;h=121&#038;crop=1&#038;ssl=1\" width=\"121\" height=\"121\" data-original-width=\"121\" data-original-height=\"121\" itemprop=\"http:\/\/schema.org\/image\" title=\"273226047_4890051367751500_2439208792867128621_n\" alt=\"273226047_4890051367751500_2439208792867128621_n\" style=\"width: 121px; height: 121px;\" \/> <\/a> <\/div> <\/div> <div class=\"gallery-group\" style=\"width: 125px; height: 125px;\" data-original-width=\"125\" data-original-height=\"125\" > <div class=\"tiled-gallery-item \" itemprop=\"associatedMedia\" itemscope itemtype=\"http:\/\/schema.org\/ImageObject\"> <a href=\"https:\/\/i0.wp.com\/geoinformatica.com.py\/wp-content\/uploads\/2022\/12\/Piribebuy-4.jpg?ssl=1\" border=\"0\" itemprop=\"url\"> <meta itemprop=\"width\" content=\"121\"> <meta itemprop=\"height\" content=\"121\"> <img loading=\"lazy\" decoding=\"async\" data-attachment-id=\"1203\" data-orig-file=\"https:\/\/geoinformatica.com.py\/wp-content\/uploads\/2022\/12\/Piribebuy-4.jpg\" data-orig-size=\"768,1024\" data-comments-opened=\"1\" data-image-meta=\"{&quot;aperture&quot;:&quot;0&quot;,&quot;credit&quot;:&quot;&quot;,&quot;camera&quot;:&quot;&quot;,&quot;caption&quot;:&quot;&quot;,&quot;created_timestamp&quot;:&quot;0&quot;,&quot;copyright&quot;:&quot;&quot;,&quot;focal_length&quot;:&quot;0&quot;,&quot;iso&quot;:&quot;0&quot;,&quot;shutter_speed&quot;:&quot;0&quot;,&quot;title&quot;:&quot;&quot;,&quot;orientation&quot;:&quot;0&quot;}\" data-image-title=\"Piribebuy 4\" data-image-description=\"\" data-medium-file=\"https:\/\/i0.wp.com\/geoinformatica.com.py\/wp-content\/uploads\/2022\/12\/Piribebuy-4.jpg?fit=225%2C300&#038;ssl=1\" data-large-file=\"https:\/\/i0.wp.com\/geoinformatica.com.py\/wp-content\/uploads\/2022\/12\/Piribebuy-4.jpg?fit=768%2C1024&#038;ssl=1\" src=\"https:\/\/i0.wp.com\/geoinformatica.com.py\/wp-content\/uploads\/2022\/12\/Piribebuy-4.jpg?w=121&#038;h=121&#038;crop=1&#038;ssl=1\" width=\"121\" height=\"121\" data-original-width=\"121\" data-original-height=\"121\" itemprop=\"http:\/\/schema.org\/image\" title=\"Piribebuy 4\" alt=\"Piribebuy 4\" style=\"width: 121px; height: 121px;\" \/> <\/a> <\/div> <\/div> <\/div> <div class=\"gallery-row\" style=\"width: 500px; height: 125px;\" data-original-width=\"500\" data-original-height=\"125\" > <div class=\"gallery-group\" style=\"width: 125px; height: 125px;\" data-original-width=\"125\" data-original-height=\"125\" > <div class=\"tiled-gallery-item \" itemprop=\"associatedMedia\" itemscope itemtype=\"http:\/\/schema.org\/ImageObject\"> <a href=\"https:\/\/i0.wp.com\/geoinformatica.com.py\/wp-content\/uploads\/2022\/12\/Piribebuy-3.jpg?ssl=1\" border=\"0\" itemprop=\"url\"> <meta itemprop=\"width\" content=\"121\"> <meta itemprop=\"height\" content=\"121\"> <img loading=\"lazy\" decoding=\"async\" data-attachment-id=\"1202\" data-orig-file=\"https:\/\/geoinformatica.com.py\/wp-content\/uploads\/2022\/12\/Piribebuy-3.jpg\" data-orig-size=\"481,902\" data-comments-opened=\"1\" data-image-meta=\"{&quot;aperture&quot;:&quot;0&quot;,&quot;credit&quot;:&quot;&quot;,&quot;camera&quot;:&quot;&quot;,&quot;caption&quot;:&quot;&quot;,&quot;created_timestamp&quot;:&quot;0&quot;,&quot;copyright&quot;:&quot;&quot;,&quot;focal_length&quot;:&quot;0&quot;,&quot;iso&quot;:&quot;0&quot;,&quot;shutter_speed&quot;:&quot;0&quot;,&quot;title&quot;:&quot;&quot;,&quot;orientation&quot;:&quot;0&quot;}\" data-image-title=\"Piribebuy 3\" data-image-description=\"\" data-medium-file=\"https:\/\/i0.wp.com\/geoinformatica.com.py\/wp-content\/uploads\/2022\/12\/Piribebuy-3.jpg?fit=160%2C300&#038;ssl=1\" data-large-file=\"https:\/\/i0.wp.com\/geoinformatica.com.py\/wp-content\/uploads\/2022\/12\/Piribebuy-3.jpg?fit=481%2C902&#038;ssl=1\" src=\"https:\/\/i0.wp.com\/geoinformatica.com.py\/wp-content\/uploads\/2022\/12\/Piribebuy-3.jpg?w=121&#038;h=121&#038;crop=1&#038;ssl=1\" width=\"121\" height=\"121\" data-original-width=\"121\" data-original-height=\"121\" itemprop=\"http:\/\/schema.org\/image\" title=\"Piribebuy 3\" alt=\"Piribebuy 3\" style=\"width: 121px; height: 121px;\" \/> <\/a> <\/div> <\/div> <div class=\"gallery-group\" style=\"width: 125px; height: 125px;\" data-original-width=\"125\" data-original-height=\"125\" > <div class=\"tiled-gallery-item \" itemprop=\"associatedMedia\" itemscope itemtype=\"http:\/\/schema.org\/ImageObject\"> <a href=\"https:\/\/i0.wp.com\/geoinformatica.com.py\/wp-content\/uploads\/2022\/12\/Piribebuy-2.jpg?ssl=1\" border=\"0\" itemprop=\"url\"> <meta itemprop=\"width\" content=\"121\"> <meta itemprop=\"height\" content=\"121\"> <img loading=\"lazy\" decoding=\"async\" data-attachment-id=\"1201\" data-orig-file=\"https:\/\/geoinformatica.com.py\/wp-content\/uploads\/2022\/12\/Piribebuy-2.jpg\" data-orig-size=\"481,902\" data-comments-opened=\"1\" data-image-meta=\"{&quot;aperture&quot;:&quot;0&quot;,&quot;credit&quot;:&quot;&quot;,&quot;camera&quot;:&quot;&quot;,&quot;caption&quot;:&quot;&quot;,&quot;created_timestamp&quot;:&quot;0&quot;,&quot;copyright&quot;:&quot;&quot;,&quot;focal_length&quot;:&quot;0&quot;,&quot;iso&quot;:&quot;0&quot;,&quot;shutter_speed&quot;:&quot;0&quot;,&quot;title&quot;:&quot;&quot;,&quot;orientation&quot;:&quot;0&quot;}\" data-image-title=\"Piribebuy 2\" data-image-description=\"\" data-medium-file=\"https:\/\/i0.wp.com\/geoinformatica.com.py\/wp-content\/uploads\/2022\/12\/Piribebuy-2.jpg?fit=160%2C300&#038;ssl=1\" data-large-file=\"https:\/\/i0.wp.com\/geoinformatica.com.py\/wp-content\/uploads\/2022\/12\/Piribebuy-2.jpg?fit=481%2C902&#038;ssl=1\" src=\"https:\/\/i0.wp.com\/geoinformatica.com.py\/wp-content\/uploads\/2022\/12\/Piribebuy-2.jpg?w=121&#038;h=121&#038;crop=1&#038;ssl=1\" width=\"121\" height=\"121\" data-original-width=\"121\" data-original-height=\"121\" itemprop=\"http:\/\/schema.org\/image\" title=\"Piribebuy 2\" alt=\"Piribebuy 2\" style=\"width: 121px; height: 121px;\" \/> <\/a> <\/div> <\/div> <div class=\"gallery-group\" style=\"width: 125px; height: 125px;\" data-original-width=\"125\" data-original-height=\"125\" > <div class=\"tiled-gallery-item \" itemprop=\"associatedMedia\" itemscope itemtype=\"http:\/\/schema.org\/ImageObject\"> <a href=\"https:\/\/i0.wp.com\/geoinformatica.com.py\/wp-content\/uploads\/2022\/11\/273165993_4890051667751470_7356204105155472535_n.jpg?ssl=1\" border=\"0\" itemprop=\"url\"> <meta itemprop=\"width\" content=\"121\"> <meta itemprop=\"height\" content=\"121\"> <img loading=\"lazy\" decoding=\"async\" data-attachment-id=\"987\" data-orig-file=\"https:\/\/geoinformatica.com.py\/wp-content\/uploads\/2022\/11\/273165993_4890051667751470_7356204105155472535_n.jpg\" data-orig-size=\"1006,1600\" data-comments-opened=\"1\" data-image-meta=\"{&quot;aperture&quot;:&quot;0&quot;,&quot;credit&quot;:&quot;&quot;,&quot;camera&quot;:&quot;&quot;,&quot;caption&quot;:&quot;&quot;,&quot;created_timestamp&quot;:&quot;0&quot;,&quot;copyright&quot;:&quot;&quot;,&quot;focal_length&quot;:&quot;0&quot;,&quot;iso&quot;:&quot;0&quot;,&quot;shutter_speed&quot;:&quot;0&quot;,&quot;title&quot;:&quot;&quot;,&quot;orientation&quot;:&quot;0&quot;}\" data-image-title=\"273165993_4890051667751470_7356204105155472535_n\" data-image-description=\"\" data-medium-file=\"https:\/\/i0.wp.com\/geoinformatica.com.py\/wp-content\/uploads\/2022\/11\/273165993_4890051667751470_7356204105155472535_n.jpg?fit=189%2C300&#038;ssl=1\" data-large-file=\"https:\/\/i0.wp.com\/geoinformatica.com.py\/wp-content\/uploads\/2022\/11\/273165993_4890051667751470_7356204105155472535_n.jpg?fit=644%2C1024&#038;ssl=1\" src=\"https:\/\/i0.wp.com\/geoinformatica.com.py\/wp-content\/uploads\/2022\/11\/273165993_4890051667751470_7356204105155472535_n.jpg?w=121&#038;h=121&#038;crop=1&#038;ssl=1\" width=\"121\" height=\"121\" data-original-width=\"121\" data-original-height=\"121\" itemprop=\"http:\/\/schema.org\/image\" title=\"273165993_4890051667751470_7356204105155472535_n\" alt=\"273165993_4890051667751470_7356204105155472535_n\" style=\"width: 121px; height: 121px;\" \/> <\/a> <\/div> <\/div> <div class=\"gallery-group\" style=\"width: 125px; height: 125px;\" data-original-width=\"125\" data-original-height=\"125\" > <div class=\"tiled-gallery-item \" itemprop=\"associatedMedia\" itemscope itemtype=\"http:\/\/schema.org\/ImageObject\"> <a href=\"https:\/\/i0.wp.com\/geoinformatica.com.py\/wp-content\/uploads\/2022\/12\/Piribebuy-1.jpg?ssl=1\" border=\"0\" itemprop=\"url\"> <meta itemprop=\"width\" content=\"121\"> <meta itemprop=\"height\" content=\"121\"> <img loading=\"lazy\" decoding=\"async\" data-attachment-id=\"1200\" data-orig-file=\"https:\/\/geoinformatica.com.py\/wp-content\/uploads\/2022\/12\/Piribebuy-1.jpg\" data-orig-size=\"562,880\" data-comments-opened=\"1\" data-image-meta=\"{&quot;aperture&quot;:&quot;0&quot;,&quot;credit&quot;:&quot;&quot;,&quot;camera&quot;:&quot;&quot;,&quot;caption&quot;:&quot;&quot;,&quot;created_timestamp&quot;:&quot;0&quot;,&quot;copyright&quot;:&quot;&quot;,&quot;focal_length&quot;:&quot;0&quot;,&quot;iso&quot;:&quot;0&quot;,&quot;shutter_speed&quot;:&quot;0&quot;,&quot;title&quot;:&quot;&quot;,&quot;orientation&quot;:&quot;0&quot;}\" data-image-title=\"Piribebuy 1\" data-image-description=\"\" data-medium-file=\"https:\/\/i0.wp.com\/geoinformatica.com.py\/wp-content\/uploads\/2022\/12\/Piribebuy-1.jpg?fit=192%2C300&#038;ssl=1\" data-large-file=\"https:\/\/i0.wp.com\/geoinformatica.com.py\/wp-content\/uploads\/2022\/12\/Piribebuy-1.jpg?fit=562%2C880&#038;ssl=1\" src=\"https:\/\/i0.wp.com\/geoinformatica.com.py\/wp-content\/uploads\/2022\/12\/Piribebuy-1.jpg?w=121&#038;h=121&#038;crop=1&#038;ssl=1\" width=\"121\" height=\"121\" data-original-width=\"121\" data-original-height=\"121\" itemprop=\"http:\/\/schema.org\/image\" title=\"Piribebuy 1\" alt=\"Piribebuy 1\" style=\"width: 121px; height: 121px;\" \/> <\/a> <\/div> <\/div> <\/div> <\/div>\n","protected":false},"excerpt":{"rendered":"<p>Proyecto Alcantarillado Eusebio Ayala, Piribebuy, San Estanislao y Alberdi Dentro del proceso para el saneamiento de las ciudades Eusebio Ayala, Piribebuy, San Estanislao y Alberdi, se dio inicio al trabajo de consultor\u00eda, para desarrollar los estudios de factibilidad y elaboraci\u00f3n de anteproyecto avanzado para sistemas de alcantarillado sanitario, planta de tratamiento de aguas residuales y mejoras del sistema de agua potable para cuatro ciudades intermedias de la Regi\u00f3n Oriental de Paraguay. GEOINFORMATICA CONSULTORES a su vez, fue el encargado de la realizaci\u00f3n de los estudios de topograf\u00eda necesarios para realizar los dise\u00f1os de los siguientes componentes: Plantas de tratamiento de<\/p>\n","protected":false},"author":1,"featured_media":0,"parent":0,"menu_order":0,"comment_status":"closed","ping_status":"closed","template":"","meta":{"footnotes":""},"class_list":["post-983","page","type-page","status-publish","hentry"],"jetpack-related-posts":[{"id":359,"url":"https:\/\/geoinformatica.com.py\/index.php\/productos\/proyectos\/","url_meta":{"origin":983,"position":0},"title":"Proyectos","author":"admin","date":"26 de septiembre de 2022","format":false,"excerpt":"Aqu\u00ed encontraras los proyectos realizados Monitoreo evento Club Centenario\u00a0 Proyecto de Alcantarillado Ciudad de Piribebuy Levantamiento Cartogr\u00e1fico Ciudad de Santan\u00ed\u00a0 Taller sobre Antenas Taller Manejo de Drones \u00a0 \u00a0 \u00a0 \u00a0 \u00a0","rel":"","context":"Entrada similar","block_context":{"text":"Entrada similar","link":""},"img":{"alt_text":"","src":"https:\/\/i0.wp.com\/geoinformatica.com.py\/wp-content\/uploads\/2022\/08\/301955620_577536284046746_1817738026925793432_n-scaled.jpg?resize=350%2C200&ssl=1","width":350,"height":200,"srcset":"https:\/\/i0.wp.com\/geoinformatica.com.py\/wp-content\/uploads\/2022\/08\/301955620_577536284046746_1817738026925793432_n-scaled.jpg?resize=350%2C200&ssl=1 1x, https:\/\/i0.wp.com\/geoinformatica.com.py\/wp-content\/uploads\/2022\/08\/301955620_577536284046746_1817738026925793432_n-scaled.jpg?resize=700%2C400&ssl=1 2x, https:\/\/i0.wp.com\/geoinformatica.com.py\/wp-content\/uploads\/2022\/08\/301955620_577536284046746_1817738026925793432_n-scaled.jpg?resize=1050%2C600&ssl=1 3x, https:\/\/i0.wp.com\/geoinformatica.com.py\/wp-content\/uploads\/2022\/08\/301955620_577536284046746_1817738026925793432_n-scaled.jpg?resize=1400%2C800&ssl=1 4x"},"classes":[]},{"id":22,"url":"https:\/\/geoinformatica.com.py\/index.php\/productos\/","url_meta":{"origin":983,"position":1},"title":"Productos","author":"admin","date":"18 de noviembre de 2022","format":false,"excerpt":"Brindamos los siguientes servicios, de modo a solicitar tu presupuesto acorde a tus necesidades.\u00a0 \u00a0 Cursos de Drones.\u00a0 Monitoreo de Seguridad.\u00a0 Fotogrametr\u00eda.\u00a0 Levantamiento Cartogr\u00e1fico 3D.\u00a0 Planos en 3D. Planos Georreferenciados. Consultor\u00eda.\u00a0 Servicios Topogr\u00e1ficas en Gral. Desarrollo de Software.\u00a0 Desarrollo de App.\u00a0 Academia OnLine.\u00a0 \u00a0 Favor completar el formulario que preparamos,\u2026","rel":"","context":"Entrada similar","block_context":{"text":"Entrada similar","link":""},"img":{"alt_text":"","src":"https:\/\/i0.wp.com\/geoinformatica.com.py\/wp-content\/uploads\/2022\/10\/IMG-DESARROLLO-SOFTWARE-e1666188901659.jpg?resize=350%2C200&ssl=1","width":350,"height":200},"classes":[]},{"id":1004,"url":"https:\/\/geoinformatica.com.py\/index.php\/club-centenario-monitoreo-uav\/","url_meta":{"origin":983,"position":2},"title":"Club Centenario \u00abMonitoreo UAV\u00bb","author":"admin","date":"22 de noviembre de 2022","format":false,"excerpt":"San Juan del Club Centenario - Sede Social Surubi\u00b4y Proyecto Monitoreo de Seguridad\u00a0 \u00a0 Trabajo a\u00e9reo con equipos drones para Evento San Juan en sede Surubi\u2019y, de forma permanente del \u00e1rea correspondiente a 100 has del predio, realiz\u00e1ndose previamente simulaciones y reconocimiento de campo para definici\u00f3n de zonas cr\u00edticas de\u2026","rel":"","context":"Entrada similar","block_context":{"text":"Entrada similar","link":""},"img":{"alt_text":"","src":"https:\/\/i0.wp.com\/geoinformatica.com.py\/wp-content\/uploads\/2022\/12\/Club-Centenario-11.jpg?resize=350%2C200","width":350,"height":200},"classes":[]},{"id":1046,"url":"https:\/\/geoinformatica.com.py\/index.php\/drones\/","url_meta":{"origin":983,"position":3},"title":"Drones","author":"admin","date":"25 de noviembre de 2022","format":false,"excerpt":"Los drones con los que actualmente estamos trabajando son cuadric\u00f3pteros Phantom 4 Pro \/\u00a0Mavic Pro de la l\u00ednea DJI y en ala fija el Ebee de AgEagle Sistemas A\u00e9reos Inc. Especificaciones T\u00e9cnicas Ebee - Drone Hardware Peso (incluidas c\u00e1mara y bater\u00eda suministradas) 0,69 kg (1,52 lb) aprox. Envergadura 96 cm\u2026","rel":"","context":"Entrada similar","block_context":{"text":"Entrada similar","link":""},"img":{"alt_text":"","src":"https:\/\/i0.wp.com\/geoinformatica.com.py\/wp-content\/uploads\/2022\/11\/Ebee-7.png?resize=350%2C200&ssl=1","width":350,"height":200},"classes":[]}],"amp_enabled":true,"_links":{"self":[{"href":"https:\/\/geoinformatica.com.py\/index.php\/wp-json\/wp\/v2\/pages\/983","targetHints":{"allow":["GET"]}}],"collection":[{"href":"https:\/\/geoinformatica.com.py\/index.php\/wp-json\/wp\/v2\/pages"}],"about":[{"href":"https:\/\/geoinformatica.com.py\/index.php\/wp-json\/wp\/v2\/types\/page"}],"author":[{"embeddable":true,"href":"https:\/\/geoinformatica.com.py\/index.php\/wp-json\/wp\/v2\/users\/1"}],"replies":[{"embeddable":true,"href":"https:\/\/geoinformatica.com.py\/index.php\/wp-json\/wp\/v2\/comments?post=983"}],"version-history":[{"count":11,"href":"https:\/\/geoinformatica.com.py\/index.php\/wp-json\/wp\/v2\/pages\/983\/revisions"}],"predecessor-version":[{"id":1204,"href":"https:\/\/geoinformatica.com.py\/index.php\/wp-json\/wp\/v2\/pages\/983\/revisions\/1204"}],"wp:attachment":[{"href":"https:\/\/geoinformatica.com.py\/index.php\/wp-json\/wp\/v2\/media?parent=983"}],"curies":[{"name":"wp","href":"https:\/\/api.w.org\/{rel}","templated":true}]}}