{"id":945,"date":"2022-11-21T12:11:58","date_gmt":"2022-11-21T15:11:58","guid":{"rendered":"https:\/\/geoinformatica.com.py\/?page_id=945"},"modified":"2022-12-14T10:41:11","modified_gmt":"2022-12-14T13:41:11","slug":"levantamiento-cartografico","status":"publish","type":"page","link":"https:\/\/geoinformatica.com.py\/index.php\/levantamiento-cartografico\/","title":{"rendered":"Levantamiento Aerofotogram\u00e9trico"},"content":{"rendered":"<h3 style=\"text-align: center;\">LEVANTAMIENTO AEROFOTOGRAMETRICO<\/h3>\n<h4 style=\"text-align: center;\">El proceso en el que nos embarcaremos tendr\u00e1 como resultado los siguientes materiales que ser\u00e1n entregados al final de la consultor\u00eda y cubrir\u00e1n en extenso todas las bases t\u00e9cnicas necesarias para ejecutar el proyecto.<br \/>\n\u2713 Fotograf\u00edas a\u00e9reas tomadas desde con el UAV con tama\u00f1o de pixel de 3 a 8 cm por pixel<br \/>\n\u2713 Ortomosaico corregido y georreferenciado<br \/>\n\u2713 Curvas de nivel cada metro<br \/>\n\u2713 MDS en formato geotiff<br \/>\n\u2713 MDT en formato geotiff<br \/>\n\u2713 Altura de plantaciones en formato geotiff y shape<br \/>\n\u2713 Nube de puntos en formato lidar (.las)<\/h4>\n<p>&nbsp;<\/p>\n<div class=\"tiled-gallery type-square tiled-gallery-unresized\" data-original-width=\"500\" data-carousel-extra='{&quot;blog_id&quot;:1,&quot;permalink&quot;:&quot;https:\\\/\\\/geoinformatica.com.py\\\/index.php\\\/levantamiento-cartografico\\\/&quot;,&quot;likes_blog_id&quot;:209873348}' itemscope itemtype=\"http:\/\/schema.org\/ImageGallery\" > <div class=\"gallery-row\" style=\"width: 500px; height: 166px;\" data-original-width=\"500\" data-original-height=\"166\" > <div class=\"gallery-group\" style=\"width: 166px; height: 166px;\" data-original-width=\"166\" data-original-height=\"166\" > <div class=\"tiled-gallery-item \" itemprop=\"associatedMedia\" itemscope itemtype=\"http:\/\/schema.org\/ImageObject\"> <a href=\"https:\/\/i0.wp.com\/geoinformatica.com.py\/wp-content\/uploads\/2022\/11\/Piloto_Pto01-scaled.jpg?ssl=1\" border=\"0\" itemprop=\"url\"> <meta itemprop=\"width\" content=\"162\"> <meta itemprop=\"height\" content=\"162\"> <img loading=\"lazy\" decoding=\"async\" data-attachment-id=\"947\" data-orig-file=\"https:\/\/geoinformatica.com.py\/wp-content\/uploads\/2022\/11\/Piloto_Pto01-scaled.jpg\" data-orig-size=\"1920,2560\" data-comments-opened=\"1\" data-image-meta=\"{&quot;aperture&quot;:&quot;1.7&quot;,&quot;credit&quot;:&quot;&quot;,&quot;camera&quot;:&quot;SM-G950F&quot;,&quot;caption&quot;:&quot;&quot;,&quot;created_timestamp&quot;:&quot;1560673981&quot;,&quot;copyright&quot;:&quot;&quot;,&quot;focal_length&quot;:&quot;4.2&quot;,&quot;iso&quot;:&quot;40&quot;,&quot;shutter_speed&quot;:&quot;0.00096153846153846&quot;,&quot;title&quot;:&quot;&quot;,&quot;orientation&quot;:&quot;1&quot;}\" data-image-title=\"Piloto_Pto01\" data-image-description=\"\" data-medium-file=\"https:\/\/i0.wp.com\/geoinformatica.com.py\/wp-content\/uploads\/2022\/11\/Piloto_Pto01-scaled.jpg?fit=225%2C300&#038;ssl=1\" data-large-file=\"https:\/\/i0.wp.com\/geoinformatica.com.py\/wp-content\/uploads\/2022\/11\/Piloto_Pto01-scaled.jpg?fit=768%2C1024&#038;ssl=1\" src=\"https:\/\/i0.wp.com\/geoinformatica.com.py\/wp-content\/uploads\/2022\/11\/Piloto_Pto01-scaled.jpg?w=162&#038;h=162&#038;crop=1&#038;ssl=1\" width=\"162\" height=\"162\" data-original-width=\"162\" data-original-height=\"162\" itemprop=\"http:\/\/schema.org\/image\" title=\"Piloto_Pto01\" alt=\"Piloto_Pto01\" style=\"width: 162px; height: 162px;\" \/> <\/a> <\/div> <\/div> <div class=\"gallery-group\" style=\"width: 166px; height: 166px;\" data-original-width=\"166\" data-original-height=\"166\" > <div class=\"tiled-gallery-item \" itemprop=\"associatedMedia\" itemscope itemtype=\"http:\/\/schema.org\/ImageObject\"> <a href=\"https:\/\/i0.wp.com\/geoinformatica.com.py\/wp-content\/uploads\/2022\/11\/Pto10-BASE01-scaled.jpg?ssl=1\" border=\"0\" itemprop=\"url\"> <meta itemprop=\"width\" content=\"162\"> <meta itemprop=\"height\" content=\"162\"> <img loading=\"lazy\" decoding=\"async\" data-attachment-id=\"962\" data-orig-file=\"https:\/\/geoinformatica.com.py\/wp-content\/uploads\/2022\/11\/Pto10-BASE01-scaled.jpg\" data-orig-size=\"1920,2560\" data-comments-opened=\"1\" data-image-meta=\"{&quot;aperture&quot;:&quot;1.7&quot;,&quot;credit&quot;:&quot;&quot;,&quot;camera&quot;:&quot;SM-G950F&quot;,&quot;caption&quot;:&quot;&quot;,&quot;created_timestamp&quot;:&quot;1561819255&quot;,&quot;copyright&quot;:&quot;&quot;,&quot;focal_length&quot;:&quot;4.2&quot;,&quot;iso&quot;:&quot;40&quot;,&quot;shutter_speed&quot;:&quot;0.00050100200400802&quot;,&quot;title&quot;:&quot;&quot;,&quot;orientation&quot;:&quot;1&quot;}\" data-image-title=\"Pto10-BASE01\" data-image-description=\"\" data-medium-file=\"https:\/\/i0.wp.com\/geoinformatica.com.py\/wp-content\/uploads\/2022\/11\/Pto10-BASE01-scaled.jpg?fit=225%2C300&#038;ssl=1\" data-large-file=\"https:\/\/i0.wp.com\/geoinformatica.com.py\/wp-content\/uploads\/2022\/11\/Pto10-BASE01-scaled.jpg?fit=768%2C1024&#038;ssl=1\" src=\"https:\/\/i0.wp.com\/geoinformatica.com.py\/wp-content\/uploads\/2022\/11\/Pto10-BASE01-scaled.jpg?w=162&#038;h=162&#038;crop=1&#038;ssl=1\" width=\"162\" height=\"162\" data-original-width=\"162\" data-original-height=\"162\" itemprop=\"http:\/\/schema.org\/image\" title=\"Pto10-BASE01\" alt=\"Pto10-BASE01\" style=\"width: 162px; height: 162px;\" \/> <\/a> <\/div> <\/div> <div class=\"gallery-group\" style=\"width: 166px; height: 166px;\" data-original-width=\"166\" data-original-height=\"166\" > <div class=\"tiled-gallery-item \" itemprop=\"associatedMedia\" itemscope itemtype=\"http:\/\/schema.org\/ImageObject\"> <a href=\"https:\/\/i0.wp.com\/geoinformatica.com.py\/wp-content\/uploads\/2022\/11\/Pto08-scaled.jpg?ssl=1\" border=\"0\" itemprop=\"url\"> <meta itemprop=\"width\" content=\"162\"> <meta itemprop=\"height\" content=\"162\"> <img loading=\"lazy\" decoding=\"async\" data-attachment-id=\"960\" data-orig-file=\"https:\/\/geoinformatica.com.py\/wp-content\/uploads\/2022\/11\/Pto08-scaled.jpg\" data-orig-size=\"2560,1920\" data-comments-opened=\"1\" data-image-meta=\"{&quot;aperture&quot;:&quot;1.7&quot;,&quot;credit&quot;:&quot;&quot;,&quot;camera&quot;:&quot;SM-G950F&quot;,&quot;caption&quot;:&quot;&quot;,&quot;created_timestamp&quot;:&quot;1561810780&quot;,&quot;copyright&quot;:&quot;&quot;,&quot;focal_length&quot;:&quot;4.2&quot;,&quot;iso&quot;:&quot;40&quot;,&quot;shutter_speed&quot;:&quot;0.00029481132075472&quot;,&quot;title&quot;:&quot;&quot;,&quot;orientation&quot;:&quot;1&quot;}\" data-image-title=\"Pto08\" data-image-description=\"\" data-medium-file=\"https:\/\/i0.wp.com\/geoinformatica.com.py\/wp-content\/uploads\/2022\/11\/Pto08-scaled.jpg?fit=300%2C225&#038;ssl=1\" data-large-file=\"https:\/\/i0.wp.com\/geoinformatica.com.py\/wp-content\/uploads\/2022\/11\/Pto08-scaled.jpg?fit=1024%2C768&#038;ssl=1\" src=\"https:\/\/i0.wp.com\/geoinformatica.com.py\/wp-content\/uploads\/2022\/11\/Pto08-scaled.jpg?w=162&#038;h=162&#038;crop=1&#038;ssl=1\" width=\"162\" height=\"162\" data-original-width=\"162\" data-original-height=\"162\" itemprop=\"http:\/\/schema.org\/image\" title=\"Pto08\" alt=\"Pto08\" style=\"width: 162px; height: 162px;\" \/> <\/a> <\/div> <\/div> <\/div> <div class=\"gallery-row\" style=\"width: 500px; height: 166px;\" data-original-width=\"500\" data-original-height=\"166\" > <div class=\"gallery-group\" style=\"width: 166px; height: 166px;\" data-original-width=\"166\" data-original-height=\"166\" > <div class=\"tiled-gallery-item \" itemprop=\"associatedMedia\" itemscope itemtype=\"http:\/\/schema.org\/ImageObject\"> <a href=\"https:\/\/i0.wp.com\/geoinformatica.com.py\/wp-content\/uploads\/2022\/11\/Pto14-scaled.jpg?ssl=1\" border=\"0\" itemprop=\"url\"> <meta itemprop=\"width\" content=\"162\"> <meta itemprop=\"height\" content=\"162\"> <img loading=\"lazy\" decoding=\"async\" data-attachment-id=\"966\" data-orig-file=\"https:\/\/geoinformatica.com.py\/wp-content\/uploads\/2022\/11\/Pto14-scaled.jpg\" data-orig-size=\"2560,1920\" data-comments-opened=\"1\" data-image-meta=\"{&quot;aperture&quot;:&quot;1.7&quot;,&quot;credit&quot;:&quot;&quot;,&quot;camera&quot;:&quot;SM-G950F&quot;,&quot;caption&quot;:&quot;&quot;,&quot;created_timestamp&quot;:&quot;1561814259&quot;,&quot;copyright&quot;:&quot;&quot;,&quot;focal_length&quot;:&quot;4.2&quot;,&quot;iso&quot;:&quot;40&quot;,&quot;shutter_speed&quot;:&quot;0.00033967391304348&quot;,&quot;title&quot;:&quot;&quot;,&quot;orientation&quot;:&quot;1&quot;}\" data-image-title=\"Pto14\" data-image-description=\"\" data-medium-file=\"https:\/\/i0.wp.com\/geoinformatica.com.py\/wp-content\/uploads\/2022\/11\/Pto14-scaled.jpg?fit=300%2C225&#038;ssl=1\" data-large-file=\"https:\/\/i0.wp.com\/geoinformatica.com.py\/wp-content\/uploads\/2022\/11\/Pto14-scaled.jpg?fit=1024%2C768&#038;ssl=1\" src=\"https:\/\/i0.wp.com\/geoinformatica.com.py\/wp-content\/uploads\/2022\/11\/Pto14-scaled.jpg?w=162&#038;h=162&#038;crop=1&#038;ssl=1\" width=\"162\" height=\"162\" data-original-width=\"162\" data-original-height=\"162\" itemprop=\"http:\/\/schema.org\/image\" title=\"Pto14\" alt=\"Pto14\" style=\"width: 162px; height: 162px;\" \/> <\/a> <\/div> <\/div> <div class=\"gallery-group\" style=\"width: 166px; height: 166px;\" data-original-width=\"166\" data-original-height=\"166\" > <div class=\"tiled-gallery-item \" itemprop=\"associatedMedia\" itemscope itemtype=\"http:\/\/schema.org\/ImageObject\"> <a href=\"https:\/\/i0.wp.com\/geoinformatica.com.py\/wp-content\/uploads\/2022\/11\/Pto04-scaled.jpg?ssl=1\" border=\"0\" itemprop=\"url\"> <meta itemprop=\"width\" content=\"162\"> <meta itemprop=\"height\" content=\"162\"> <img loading=\"lazy\" decoding=\"async\" data-attachment-id=\"956\" data-orig-file=\"https:\/\/geoinformatica.com.py\/wp-content\/uploads\/2022\/11\/Pto04-scaled.jpg\" data-orig-size=\"2560,1920\" data-comments-opened=\"1\" data-image-meta=\"{&quot;aperture&quot;:&quot;1.7&quot;,&quot;credit&quot;:&quot;&quot;,&quot;camera&quot;:&quot;SM-G950F&quot;,&quot;caption&quot;:&quot;&quot;,&quot;created_timestamp&quot;:&quot;1561808267&quot;,&quot;copyright&quot;:&quot;&quot;,&quot;focal_length&quot;:&quot;4.2&quot;,&quot;iso&quot;:&quot;40&quot;,&quot;shutter_speed&quot;:&quot;0.00048828125&quot;,&quot;title&quot;:&quot;&quot;,&quot;orientation&quot;:&quot;1&quot;}\" data-image-title=\"Pto04\" data-image-description=\"\" data-medium-file=\"https:\/\/i0.wp.com\/geoinformatica.com.py\/wp-content\/uploads\/2022\/11\/Pto04-scaled.jpg?fit=300%2C225&#038;ssl=1\" data-large-file=\"https:\/\/i0.wp.com\/geoinformatica.com.py\/wp-content\/uploads\/2022\/11\/Pto04-scaled.jpg?fit=1024%2C768&#038;ssl=1\" src=\"https:\/\/i0.wp.com\/geoinformatica.com.py\/wp-content\/uploads\/2022\/11\/Pto04-scaled.jpg?w=162&#038;h=162&#038;crop=1&#038;ssl=1\" width=\"162\" height=\"162\" data-original-width=\"162\" data-original-height=\"162\" itemprop=\"http:\/\/schema.org\/image\" title=\"Pto04\" alt=\"Pto04\" style=\"width: 162px; height: 162px;\" \/> <\/a> <\/div> <\/div> <div class=\"gallery-group\" style=\"width: 166px; height: 166px;\" data-original-width=\"166\" data-original-height=\"166\" > <div class=\"tiled-gallery-item \" itemprop=\"associatedMedia\" itemscope itemtype=\"http:\/\/schema.org\/ImageObject\"> <a href=\"https:\/\/i0.wp.com\/geoinformatica.com.py\/wp-content\/uploads\/2022\/11\/Pto19-scaled.jpg?ssl=1\" border=\"0\" itemprop=\"url\"> <meta itemprop=\"width\" content=\"162\"> <meta itemprop=\"height\" content=\"162\"> <img loading=\"lazy\" decoding=\"async\" data-attachment-id=\"971\" data-orig-file=\"https:\/\/geoinformatica.com.py\/wp-content\/uploads\/2022\/11\/Pto19-scaled.jpg\" data-orig-size=\"2560,1920\" data-comments-opened=\"1\" data-image-meta=\"{&quot;aperture&quot;:&quot;1.7&quot;,&quot;credit&quot;:&quot;&quot;,&quot;camera&quot;:&quot;SM-G950F&quot;,&quot;caption&quot;:&quot;&quot;,&quot;created_timestamp&quot;:&quot;1561816787&quot;,&quot;copyright&quot;:&quot;&quot;,&quot;focal_length&quot;:&quot;4.2&quot;,&quot;iso&quot;:&quot;40&quot;,&quot;shutter_speed&quot;:&quot;0.0006631299734748&quot;,&quot;title&quot;:&quot;&quot;,&quot;orientation&quot;:&quot;1&quot;}\" data-image-title=\"Pto19\" data-image-description=\"\" data-medium-file=\"https:\/\/i0.wp.com\/geoinformatica.com.py\/wp-content\/uploads\/2022\/11\/Pto19-scaled.jpg?fit=300%2C225&#038;ssl=1\" data-large-file=\"https:\/\/i0.wp.com\/geoinformatica.com.py\/wp-content\/uploads\/2022\/11\/Pto19-scaled.jpg?fit=1024%2C768&#038;ssl=1\" src=\"https:\/\/i0.wp.com\/geoinformatica.com.py\/wp-content\/uploads\/2022\/11\/Pto19-scaled.jpg?w=162&#038;h=162&#038;crop=1&#038;ssl=1\" width=\"162\" height=\"162\" data-original-width=\"162\" data-original-height=\"162\" itemprop=\"http:\/\/schema.org\/image\" title=\"Pto19\" alt=\"Pto19\" style=\"width: 162px; height: 162px;\" \/> <\/a> <\/div> <\/div> <\/div> <div class=\"gallery-row\" style=\"width: 500px; height: 166px;\" data-original-width=\"500\" data-original-height=\"166\" > <div class=\"gallery-group\" style=\"width: 166px; height: 166px;\" data-original-width=\"166\" data-original-height=\"166\" > <div class=\"tiled-gallery-item \" itemprop=\"associatedMedia\" itemscope itemtype=\"http:\/\/schema.org\/ImageObject\"> <a href=\"https:\/\/i0.wp.com\/geoinformatica.com.py\/wp-content\/uploads\/2022\/11\/Pto21-scaled.jpg?ssl=1\" border=\"0\" itemprop=\"url\"> <meta itemprop=\"width\" content=\"162\"> <meta itemprop=\"height\" content=\"162\"> <img loading=\"lazy\" decoding=\"async\" data-attachment-id=\"1086\" data-orig-file=\"https:\/\/geoinformatica.com.py\/wp-content\/uploads\/2022\/11\/Pto21-scaled.jpg\" data-orig-size=\"2560,1920\" data-comments-opened=\"1\" data-image-meta=\"{&quot;aperture&quot;:&quot;1.7&quot;,&quot;credit&quot;:&quot;&quot;,&quot;camera&quot;:&quot;SM-G950F&quot;,&quot;caption&quot;:&quot;&quot;,&quot;created_timestamp&quot;:&quot;1561817517&quot;,&quot;copyright&quot;:&quot;&quot;,&quot;focal_length&quot;:&quot;4.2&quot;,&quot;iso&quot;:&quot;40&quot;,&quot;shutter_speed&quot;:&quot;0.00044964028776978&quot;,&quot;title&quot;:&quot;&quot;,&quot;orientation&quot;:&quot;1&quot;}\" data-image-title=\"Pto21\" data-image-description=\"\" data-medium-file=\"https:\/\/i0.wp.com\/geoinformatica.com.py\/wp-content\/uploads\/2022\/11\/Pto21-scaled.jpg?fit=300%2C225&#038;ssl=1\" data-large-file=\"https:\/\/i0.wp.com\/geoinformatica.com.py\/wp-content\/uploads\/2022\/11\/Pto21-scaled.jpg?fit=1024%2C768&#038;ssl=1\" src=\"https:\/\/i0.wp.com\/geoinformatica.com.py\/wp-content\/uploads\/2022\/11\/Pto21-scaled.jpg?w=162&#038;h=162&#038;crop=1&#038;ssl=1\" width=\"162\" height=\"162\" data-original-width=\"162\" data-original-height=\"162\" itemprop=\"http:\/\/schema.org\/image\" title=\"Pto21\" alt=\"Pto21\" style=\"width: 162px; height: 162px;\" \/> <\/a> <\/div> <\/div> <div class=\"gallery-group\" style=\"width: 166px; height: 166px;\" data-original-width=\"166\" data-original-height=\"166\" > <div class=\"tiled-gallery-item \" itemprop=\"associatedMedia\" itemscope itemtype=\"http:\/\/schema.org\/ImageObject\"> <a href=\"https:\/\/i0.wp.com\/geoinformatica.com.py\/wp-content\/uploads\/2022\/11\/Pto17-scaled.jpg?ssl=1\" border=\"0\" itemprop=\"url\"> <meta itemprop=\"width\" content=\"162\"> <meta itemprop=\"height\" content=\"162\"> <img loading=\"lazy\" decoding=\"async\" data-attachment-id=\"969\" data-orig-file=\"https:\/\/geoinformatica.com.py\/wp-content\/uploads\/2022\/11\/Pto17-scaled.jpg\" data-orig-size=\"2560,1920\" data-comments-opened=\"1\" data-image-meta=\"{&quot;aperture&quot;:&quot;1.7&quot;,&quot;credit&quot;:&quot;&quot;,&quot;camera&quot;:&quot;SM-G950F&quot;,&quot;caption&quot;:&quot;&quot;,&quot;created_timestamp&quot;:&quot;1561815897&quot;,&quot;copyright&quot;:&quot;&quot;,&quot;focal_length&quot;:&quot;4.2&quot;,&quot;iso&quot;:&quot;40&quot;,&quot;shutter_speed&quot;:&quot;0.00037878787878788&quot;,&quot;title&quot;:&quot;&quot;,&quot;orientation&quot;:&quot;1&quot;}\" data-image-title=\"Pto17\" data-image-description=\"\" data-medium-file=\"https:\/\/i0.wp.com\/geoinformatica.com.py\/wp-content\/uploads\/2022\/11\/Pto17-scaled.jpg?fit=300%2C225&#038;ssl=1\" data-large-file=\"https:\/\/i0.wp.com\/geoinformatica.com.py\/wp-content\/uploads\/2022\/11\/Pto17-scaled.jpg?fit=1024%2C768&#038;ssl=1\" src=\"https:\/\/i0.wp.com\/geoinformatica.com.py\/wp-content\/uploads\/2022\/11\/Pto17-scaled.jpg?w=162&#038;h=162&#038;crop=1&#038;ssl=1\" width=\"162\" height=\"162\" data-original-width=\"162\" data-original-height=\"162\" itemprop=\"http:\/\/schema.org\/image\" title=\"Pto17\" alt=\"Pto17\" style=\"width: 162px; height: 162px;\" \/> <\/a> <\/div> <\/div> <div class=\"gallery-group\" style=\"width: 166px; height: 166px;\" data-original-width=\"166\" data-original-height=\"166\" > <div class=\"tiled-gallery-item \" itemprop=\"associatedMedia\" itemscope itemtype=\"http:\/\/schema.org\/ImageObject\"> <a href=\"https:\/\/i0.wp.com\/geoinformatica.com.py\/wp-content\/uploads\/2022\/11\/Base00-scaled.jpg?ssl=1\" border=\"0\" itemprop=\"url\"> <meta itemprop=\"width\" content=\"162\"> <meta itemprop=\"height\" content=\"162\"> <img loading=\"lazy\" decoding=\"async\" data-attachment-id=\"946\" data-orig-file=\"https:\/\/geoinformatica.com.py\/wp-content\/uploads\/2022\/11\/Base00-scaled.jpg\" data-orig-size=\"1920,2560\" data-comments-opened=\"1\" data-image-meta=\"{&quot;aperture&quot;:&quot;1.7&quot;,&quot;credit&quot;:&quot;&quot;,&quot;camera&quot;:&quot;SM-G950F&quot;,&quot;caption&quot;:&quot;&quot;,&quot;created_timestamp&quot;:&quot;1561806696&quot;,&quot;copyright&quot;:&quot;&quot;,&quot;focal_length&quot;:&quot;4.2&quot;,&quot;iso&quot;:&quot;40&quot;,&quot;shutter_speed&quot;:&quot;0.00043252595155709&quot;,&quot;title&quot;:&quot;&quot;,&quot;orientation&quot;:&quot;1&quot;}\" data-image-title=\"Base00\" data-image-description=\"\" data-medium-file=\"https:\/\/i0.wp.com\/geoinformatica.com.py\/wp-content\/uploads\/2022\/11\/Base00-scaled.jpg?fit=225%2C300&#038;ssl=1\" data-large-file=\"https:\/\/i0.wp.com\/geoinformatica.com.py\/wp-content\/uploads\/2022\/11\/Base00-scaled.jpg?fit=768%2C1024&#038;ssl=1\" src=\"https:\/\/i0.wp.com\/geoinformatica.com.py\/wp-content\/uploads\/2022\/11\/Base00-scaled.jpg?w=162&#038;h=162&#038;crop=1&#038;ssl=1\" width=\"162\" height=\"162\" data-original-width=\"162\" data-original-height=\"162\" itemprop=\"http:\/\/schema.org\/image\" title=\"Base00\" alt=\"Base00\" style=\"width: 162px; height: 162px;\" \/> <\/a> <\/div> <\/div> <\/div> <\/div>\n","protected":false},"excerpt":{"rendered":"<p>LEVANTAMIENTO AEROFOTOGRAMETRICO El proceso en el que nos embarcaremos tendr\u00e1 como resultado los siguientes materiales que ser\u00e1n entregados al final de la consultor\u00eda y cubrir\u00e1n en extenso todas las bases t\u00e9cnicas necesarias para ejecutar el proyecto. \u2713 Fotograf\u00edas a\u00e9reas tomadas desde con el UAV con tama\u00f1o de pixel de 3 a 8 cm por pixel \u2713 Ortomosaico corregido y georreferenciado \u2713 Curvas de nivel cada metro \u2713 MDS en formato geotiff \u2713 MDT en formato geotiff \u2713 Altura de plantaciones en formato geotiff y shape \u2713 Nube de puntos en formato lidar (.las) &nbsp;<\/p>\n","protected":false},"author":1,"featured_media":0,"parent":0,"menu_order":0,"comment_status":"closed","ping_status":"closed","template":"","meta":{"footnotes":""},"class_list":["post-945","page","type-page","status-publish","hentry"],"jetpack-related-posts":[{"id":1046,"url":"https:\/\/geoinformatica.com.py\/index.php\/drones\/","url_meta":{"origin":945,"position":0},"title":"Drones","author":"admin","date":"25 de noviembre de 2022","format":false,"excerpt":"Los drones con los que actualmente estamos trabajando son cuadric\u00f3pteros Phantom 4 Pro \/\u00a0Mavic Pro de la l\u00ednea DJI y en ala fija el Ebee de AgEagle Sistemas A\u00e9reos Inc. Especificaciones T\u00e9cnicas Ebee - Drone Hardware Peso (incluidas c\u00e1mara y bater\u00eda suministradas) 0,69 kg (1,52 lb) aprox. Envergadura 96 cm\u2026","rel":"","context":"Entrada similar","block_context":{"text":"Entrada similar","link":""},"img":{"alt_text":"","src":"https:\/\/i0.wp.com\/geoinformatica.com.py\/wp-content\/uploads\/2022\/11\/Ebee-7.png?resize=350%2C200&ssl=1","width":350,"height":200},"classes":[]},{"id":359,"url":"https:\/\/geoinformatica.com.py\/index.php\/productos\/proyectos\/","url_meta":{"origin":945,"position":1},"title":"Proyectos","author":"admin","date":"26 de septiembre de 2022","format":false,"excerpt":"Aqu\u00ed encontraras los proyectos realizados Monitoreo evento Club Centenario\u00a0 Proyecto de Alcantarillado Ciudad de Piribebuy Levantamiento Cartogr\u00e1fico Ciudad de Santan\u00ed\u00a0 Taller sobre Antenas Taller Manejo de Drones \u00a0 \u00a0 \u00a0 \u00a0 \u00a0","rel":"","context":"Entrada similar","block_context":{"text":"Entrada similar","link":""},"img":{"alt_text":"","src":"https:\/\/i0.wp.com\/geoinformatica.com.py\/wp-content\/uploads\/2022\/08\/301955620_577536284046746_1817738026925793432_n-scaled.jpg?resize=350%2C200&ssl=1","width":350,"height":200,"srcset":"https:\/\/i0.wp.com\/geoinformatica.com.py\/wp-content\/uploads\/2022\/08\/301955620_577536284046746_1817738026925793432_n-scaled.jpg?resize=350%2C200&ssl=1 1x, https:\/\/i0.wp.com\/geoinformatica.com.py\/wp-content\/uploads\/2022\/08\/301955620_577536284046746_1817738026925793432_n-scaled.jpg?resize=700%2C400&ssl=1 2x, https:\/\/i0.wp.com\/geoinformatica.com.py\/wp-content\/uploads\/2022\/08\/301955620_577536284046746_1817738026925793432_n-scaled.jpg?resize=1050%2C600&ssl=1 3x, https:\/\/i0.wp.com\/geoinformatica.com.py\/wp-content\/uploads\/2022\/08\/301955620_577536284046746_1817738026925793432_n-scaled.jpg?resize=1400%2C800&ssl=1 4x"},"classes":[]},{"id":22,"url":"https:\/\/geoinformatica.com.py\/index.php\/productos\/","url_meta":{"origin":945,"position":2},"title":"Productos","author":"admin","date":"18 de noviembre de 2022","format":false,"excerpt":"Brindamos los siguientes servicios, de modo a solicitar tu presupuesto acorde a tus necesidades.\u00a0 \u00a0 Cursos de Drones.\u00a0 Monitoreo de Seguridad.\u00a0 Fotogrametr\u00eda.\u00a0 Levantamiento Cartogr\u00e1fico 3D.\u00a0 Planos en 3D. Planos Georreferenciados. Consultor\u00eda.\u00a0 Servicios Topogr\u00e1ficas en Gral. Desarrollo de Software.\u00a0 Desarrollo de App.\u00a0 Academia OnLine.\u00a0 \u00a0 Favor completar el formulario que preparamos,\u2026","rel":"","context":"Entrada similar","block_context":{"text":"Entrada similar","link":""},"img":{"alt_text":"","src":"https:\/\/i0.wp.com\/geoinformatica.com.py\/wp-content\/uploads\/2022\/10\/IMG-DESARROLLO-SOFTWARE-e1666188901659.jpg?resize=350%2C200&ssl=1","width":350,"height":200},"classes":[]},{"id":983,"url":"https:\/\/geoinformatica.com.py\/index.php\/proyecto-alcantarillado-piribebuy\/","url_meta":{"origin":945,"position":3},"title":"Levantamiento Cartogr\u00e1fico","author":"admin","date":"22 de noviembre de 2022","format":false,"excerpt":"Proyecto Alcantarillado Eusebio Ayala, Piribebuy, San Estanislao y Alberdi Dentro del proceso para el saneamiento de las ciudades Eusebio Ayala, Piribebuy, San Estanislao y Alberdi, se dio inicio al trabajo de consultor\u00eda, para desarrollar los estudios de factibilidad y elaboraci\u00f3n de anteproyecto avanzado para sistemas de alcantarillado sanitario, planta de\u2026","rel":"","context":"Entrada similar","block_context":{"text":"Entrada similar","link":""},"img":{"alt_text":"","src":"https:\/\/i0.wp.com\/geoinformatica.com.py\/wp-content\/uploads\/2022\/11\/273110593_4890051387751498_4130194680785912388_n.jpg?resize=350%2C200","width":350,"height":200},"classes":[]},{"id":371,"url":"https:\/\/geoinformatica.com.py\/index.php\/nosotros\/","url_meta":{"origin":945,"position":4},"title":"Nosotros","author":"admin","date":"30 de septiembre de 2022","format":false,"excerpt":"Somos un equipo de profesionales dedicados a la topograf\u00eda, cartograf\u00eda, levantamiento de informaci\u00f3n tem\u00e1tica, catastros, planificaci\u00f3n territorial y desarrollo de Software, comprometidos con la eficiencia en los procesos, reduciendo costos y tiempo, as\u00ed como con la eficacia en los resultados, buscando en cada proyecto que desarrollamos el componente diferencial que\u2026","rel":"","context":"Entrada similar","block_context":{"text":"Entrada similar","link":""},"img":{"alt_text":"","src":"https:\/\/i0.wp.com\/geoinformatica.com.py\/wp-content\/uploads\/2022\/12\/Dron-2-1024x683.jpg?resize=350%2C200&ssl=1","width":350,"height":200},"classes":[]},{"id":739,"url":"https:\/\/geoinformatica.com.py\/index.php\/productos\/galeria\/taller-manejo-de-drones\/","url_meta":{"origin":945,"position":5},"title":"Taller Manejo de Drones","author":"admin","date":"7 de noviembre de 2022","format":false,"excerpt":"Curso de Drones Taller llevado a cabo, con funcionarios de la CONATEL, llevando al campo del control y el uso de las herramientas actuales por medio de Drones. Los drones no son el futuro, son el presente. Hoy la utilizaci\u00f3n de los drones o RPAS, son parte fundamental de los\u2026","rel":"","context":"Entrada similar","block_context":{"text":"Entrada similar","link":""},"img":{"alt_text":"","src":"https:\/\/i0.wp.com\/geoinformatica.com.py\/wp-content\/uploads\/2022\/11\/20221012_094304-scaled.jpg?resize=350%2C200","width":350,"height":200},"classes":[]}],"amp_enabled":true,"_links":{"self":[{"href":"https:\/\/geoinformatica.com.py\/index.php\/wp-json\/wp\/v2\/pages\/945","targetHints":{"allow":["GET"]}}],"collection":[{"href":"https:\/\/geoinformatica.com.py\/index.php\/wp-json\/wp\/v2\/pages"}],"about":[{"href":"https:\/\/geoinformatica.com.py\/index.php\/wp-json\/wp\/v2\/types\/page"}],"author":[{"embeddable":true,"href":"https:\/\/geoinformatica.com.py\/index.php\/wp-json\/wp\/v2\/users\/1"}],"replies":[{"embeddable":true,"href":"https:\/\/geoinformatica.com.py\/index.php\/wp-json\/wp\/v2\/comments?post=945"}],"version-history":[{"count":8,"href":"https:\/\/geoinformatica.com.py\/index.php\/wp-json\/wp\/v2\/pages\/945\/revisions"}],"predecessor-version":[{"id":1173,"href":"https:\/\/geoinformatica.com.py\/index.php\/wp-json\/wp\/v2\/pages\/945\/revisions\/1173"}],"wp:attachment":[{"href":"https:\/\/geoinformatica.com.py\/index.php\/wp-json\/wp\/v2\/media?parent=945"}],"curies":[{"name":"wp","href":"https:\/\/api.w.org\/{rel}","templated":true}]}}