{"id":895,"date":"2022-11-16T10:20:55","date_gmt":"2022-11-16T13:20:55","guid":{"rendered":"https:\/\/geoinformatica.com.py\/?page_id=895"},"modified":"2022-12-12T11:15:48","modified_gmt":"2022-12-12T14:15:48","slug":"presupuesto","status":"publish","type":"page","link":"https:\/\/geoinformatica.com.py\/index.php\/presupuesto\/","title":{"rendered":"Presupuesto"},"content":{"rendered":"<h1 style=\"text-align: center;\">Para realizar su presupuesto a medida, favor completar el siguiente formulario, y nos comunicaremos a la brevedad posible<\/h1>\n<p style=\"text-align: center;\"><img loading=\"lazy\" decoding=\"async\" data-attachment-id=\"1073\" data-permalink=\"https:\/\/geoinformatica.com.py\/index.php\/presupuesto\/images-31-3\/\" data-orig-file=\"https:\/\/i0.wp.com\/geoinformatica.com.py\/wp-content\/uploads\/2022\/11\/images-31-1.jpeg?fit=306%2C165&amp;ssl=1\" data-orig-size=\"306,165\" data-comments-opened=\"1\" data-image-meta=\"{&quot;aperture&quot;:&quot;0&quot;,&quot;credit&quot;:&quot;&quot;,&quot;camera&quot;:&quot;&quot;,&quot;caption&quot;:&quot;&quot;,&quot;created_timestamp&quot;:&quot;0&quot;,&quot;copyright&quot;:&quot;&quot;,&quot;focal_length&quot;:&quot;0&quot;,&quot;iso&quot;:&quot;0&quot;,&quot;shutter_speed&quot;:&quot;0&quot;,&quot;title&quot;:&quot;&quot;,&quot;orientation&quot;:&quot;0&quot;}\" data-image-title=\"images (31)\" data-image-description=\"\" data-image-caption=\"\" data-medium-file=\"https:\/\/i0.wp.com\/geoinformatica.com.py\/wp-content\/uploads\/2022\/11\/images-31-1.jpeg?fit=300%2C162&amp;ssl=1\" data-large-file=\"https:\/\/i0.wp.com\/geoinformatica.com.py\/wp-content\/uploads\/2022\/11\/images-31-1.jpeg?fit=306%2C165&amp;ssl=1\" class=\"wp-image-1073 alignnone\" src=\"https:\/\/i0.wp.com\/geoinformatica.com.py\/wp-content\/uploads\/2022\/11\/images-31-1.jpeg?resize=764%2C412&#038;ssl=1\" alt=\"\" width=\"764\" height=\"412\" srcset=\"https:\/\/i0.wp.com\/geoinformatica.com.py\/wp-content\/uploads\/2022\/11\/images-31-1.jpeg?w=306&amp;ssl=1 306w, https:\/\/i0.wp.com\/geoinformatica.com.py\/wp-content\/uploads\/2022\/11\/images-31-1.jpeg?resize=300%2C162&amp;ssl=1 300w\" sizes=\"auto, (max-width: 764px) 100vw, 764px\" data-recalc-dims=\"1\" \/><\/p>\n<div data-test='contact-form' id='contact-form-895' class='wp-block-jetpack-contact-form-container '>\n<form action='https:\/\/geoinformatica.com.py\/index.php\/presupuesto\/#contact-form-895' method='post' class='contact-form commentsblock'>\n<script>\n\t\t\t( function () {\n\t\t\t\tconst contact_forms = document.getElementsByClassName('contact-form');\n\n\t\t\t\tfor ( const form of contact_forms ) {\n\t\t\t\t\tform.onsubmit = function() {\n\t\t\t\t\t\tconst buttons = form.getElementsByTagName('button');\n\n\t\t\t\t\t\tfor( const button of buttons ) {\n\t\t\t\t\t\t\tbutton.setAttribute('disabled', true);\n\t\t\t\t\t\t}\n\t\t\t\t\t}\n\t\t\t\t}\n\t\t\t} )();\n\t\t<\/script>\n<div style=\"\" class='grunion-field-name-wrap grunion-field-wrap'  >\n<label\n\t\t\t\tfor='g895-solicitatupresupuestonombre'\n\t\t\t\tclass='grunion-field-label name'>Solicita tu Presupuesto - Nombre<span>(obligatorio)<\/span><\/label>\n<input\n\t\t\t\t\ttype='text'\n\t\t\t\t\tname='g895-solicitatupresupuestonombre'\n\t\t\t\t\tid='g895-solicitatupresupuestonombre'\n\t\t\t\t\tvalue=''\n\t\t\t\t\tclass='name  grunion-field' \n\t\t\t\t\trequired aria-required='true' \/>\n\t<\/div>\n\n<div style=\"\" class='grunion-field-text-wrap grunion-field-wrap'  >\n<label\n\t\t\t\tfor='g895-telfono'\n\t\t\t\tclass='grunion-field-label text'>Tel\u00e9fono<span>(obligatorio)<\/span><\/label>\n<input\n\t\t\t\t\ttype='text'\n\t\t\t\t\tname='g895-telfono'\n\t\t\t\t\tid='g895-telfono'\n\t\t\t\t\tvalue=''\n\t\t\t\t\tclass='text  grunion-field' \n\t\t\t\t\trequired aria-required='true' \/>\n\t<\/div>\n\n<div style=\"\" class='grunion-field-email-wrap grunion-field-wrap'  >\n<label\n\t\t\t\tfor='g895-correoelectrnico'\n\t\t\t\tclass='grunion-field-label email'>Correo electr\u00f3nico<span>(obligatorio)<\/span><\/label>\n<input\n\t\t\t\t\ttype='email'\n\t\t\t\t\tname='g895-correoelectrnico'\n\t\t\t\t\tid='g895-correoelectrnico'\n\t\t\t\t\tvalue=''\n\t\t\t\t\tclass='email  grunion-field' \n\t\t\t\t\trequired aria-required='true' \/>\n\t<\/div>\n\n<div style=\"\" class='grunion-field-textarea-wrap grunion-field-wrap'  >\n<label\n\t\t\t\tfor='contact-form-comment-g895-mensaje'\n\t\t\t\tclass='grunion-field-label textarea'>Mensaje<span>(obligatorio)<\/span><\/label>\n<textarea\n\t\t                style=''\n\t\t                name='g895-mensaje'\n\t\t                id='contact-form-comment-g895-mensaje'\n\t\t                rows='20' class='textarea  grunion-field'  required aria-required='true'><\/textarea>\n\t<\/div>\n\t<p class='contact-submit'>\n\t\t<button type='submit' class='pushbutton-wide'>Enviar<\/button>\t\t<input type='hidden' name='contact-form-id' value='895' \/>\n\t\t<input type='hidden' name='action' value='grunion-contact-form' \/>\n\t\t<input type='hidden' name='contact-form-hash' value='110567c9435fc442cd601e0583ac9acc613f03d4' \/>\n\t<\/p>\n<\/form>\n<\/div>\n<h5 style=\"text-align: center;\">Esta es una p\u00e1gina con informaci\u00f3n de contacto b\u00e1sica, como la direcci\u00f3n y el n\u00famero de tel\u00e9fono. De modo a brindarle un servicio personalizado y efectivo.<\/h5>\n<p>&nbsp;<\/p>\n<p style=\"text-align: center;\">\n","protected":false},"excerpt":{"rendered":"<p>Para realizar su presupuesto a medida, favor completar el siguiente formulario, y nos comunicaremos a la brevedad posible Esta es una p\u00e1gina con informaci\u00f3n de contacto b\u00e1sica, como la direcci\u00f3n y el n\u00famero de tel\u00e9fono. De modo a brindarle un servicio personalizado y efectivo. &nbsp;<\/p>\n","protected":false},"author":1,"featured_media":0,"parent":0,"menu_order":0,"comment_status":"closed","ping_status":"closed","template":"","meta":{"footnotes":""},"class_list":["post-895","page","type-page","status-publish","hentry"],"jetpack-related-posts":[{"id":891,"url":"https:\/\/geoinformatica.com.py\/index.php\/talleres\/","url_meta":{"origin":895,"position":0},"title":"Talleres","author":"admin","date":"16 de noviembre de 2022","format":false,"excerpt":"Taller Manejo de Drones Planificaci\u00f3n de vuelo automatizado. Utilizaci\u00f3n y proceso de im\u00e1genes georreferenciadas. Herramientas y desarrollo con software Pix4D Solicite su presupuesto.... Taller Medici\u00f3n de antenas Estructura sitio m\u00f3vil. Seguridad en Altura. Spectrum Clearance. Solicite su presupuesto....","rel":"","context":"Entrada similar","block_context":{"text":"Entrada similar","link":""},"img":{"alt_text":"","src":"","width":0,"height":0},"classes":[]},{"id":22,"url":"https:\/\/geoinformatica.com.py\/index.php\/productos\/","url_meta":{"origin":895,"position":1},"title":"Productos","author":"admin","date":"18 de noviembre de 2022","format":false,"excerpt":"Brindamos los siguientes servicios, de modo a solicitar tu presupuesto acorde a tus necesidades.\u00a0 \u00a0 Cursos de Drones.\u00a0 Monitoreo de Seguridad.\u00a0 Fotogrametr\u00eda.\u00a0 Levantamiento Cartogr\u00e1fico 3D.\u00a0 Planos en 3D. Planos Georreferenciados. Consultor\u00eda.\u00a0 Servicios Topogr\u00e1ficas en Gral. Desarrollo de Software.\u00a0 Desarrollo de App.\u00a0 Academia OnLine.\u00a0 \u00a0 Favor completar el formulario que preparamos,\u2026","rel":"","context":"Entrada similar","block_context":{"text":"Entrada similar","link":""},"img":{"alt_text":"","src":"https:\/\/i0.wp.com\/geoinformatica.com.py\/wp-content\/uploads\/2022\/10\/IMG-DESARROLLO-SOFTWARE-e1666188901659.jpg?resize=350%2C200&ssl=1","width":350,"height":200},"classes":[]},{"id":23,"url":"https:\/\/geoinformatica.com.py\/index.php\/contacto\/","url_meta":{"origin":895,"position":2},"title":"Contacto","author":"admin","date":"22 de agosto de 2022","format":false,"excerpt":"Esta es una p\u00e1gina con informaci\u00f3n de contacto b\u00e1sica, como la direcci\u00f3n y el n\u00famero de tel\u00e9fono. Facebook Instagram Linkedin Whatsapp","rel":"","context":"Entrada similar","block_context":{"text":"Entrada similar","link":""},"img":{"alt_text":"","src":"","width":0,"height":0},"classes":[]},{"id":1004,"url":"https:\/\/geoinformatica.com.py\/index.php\/club-centenario-monitoreo-uav\/","url_meta":{"origin":895,"position":3},"title":"Club Centenario \u00abMonitoreo UAV\u00bb","author":"admin","date":"22 de noviembre de 2022","format":false,"excerpt":"San Juan del Club Centenario - Sede Social Surubi\u00b4y Proyecto Monitoreo de Seguridad\u00a0 \u00a0 Trabajo a\u00e9reo con equipos drones para Evento San Juan en sede Surubi\u2019y, de forma permanente del \u00e1rea correspondiente a 100 has del predio, realiz\u00e1ndose previamente simulaciones y reconocimiento de campo para definici\u00f3n de zonas cr\u00edticas de\u2026","rel":"","context":"Entrada similar","block_context":{"text":"Entrada similar","link":""},"img":{"alt_text":"","src":"https:\/\/i0.wp.com\/geoinformatica.com.py\/wp-content\/uploads\/2022\/12\/Club-Centenario-11.jpg?resize=350%2C200","width":350,"height":200},"classes":[]},{"id":352,"url":"https:\/\/geoinformatica.com.py\/index.php\/capacitaciones\/","url_meta":{"origin":895,"position":4},"title":"Capacitaciones","author":"admin","date":"26 de septiembre de 2022","format":false,"excerpt":"\u00a0 \u00a0 \u00a0 \u00a0 \u00a0 \u00a0 \u00a0 \u00a0 \u00a0 \u00a0 \u00a0 \u00a0 \u00a0 \u00a0 \u00a0 \u00a0 \u00a0 \u00a0 \u00a0 \u00a0 \u00a0 \u00a0 \u00a0 \u00a0","rel":"","context":"Entrada similar","block_context":{"text":"Entrada similar","link":""},"img":{"alt_text":"","src":"https:\/\/i0.wp.com\/geoinformatica.com.py\/wp-content\/uploads\/2022\/09\/20220830_104901-scaled.jpg?resize=350%2C200&ssl=1","width":350,"height":200,"srcset":"https:\/\/i0.wp.com\/geoinformatica.com.py\/wp-content\/uploads\/2022\/09\/20220830_104901-scaled.jpg?resize=350%2C200&ssl=1 1x, https:\/\/i0.wp.com\/geoinformatica.com.py\/wp-content\/uploads\/2022\/09\/20220830_104901-scaled.jpg?resize=700%2C400&ssl=1 2x, https:\/\/i0.wp.com\/geoinformatica.com.py\/wp-content\/uploads\/2022\/09\/20220830_104901-scaled.jpg?resize=1050%2C600&ssl=1 3x, https:\/\/i0.wp.com\/geoinformatica.com.py\/wp-content\/uploads\/2022\/09\/20220830_104901-scaled.jpg?resize=1400%2C800&ssl=1 4x"},"classes":[]},{"id":552,"url":"https:\/\/geoinformatica.com.py\/index.php\/bloggeo\/","url_meta":{"origin":895,"position":5},"title":"BlogGeo","author":"admin","date":"7 de octubre de 2022","format":false,"excerpt":"","rel":"","context":"Entrada similar","block_context":{"text":"Entrada similar","link":""},"img":{"alt_text":"","src":"","width":0,"height":0},"classes":[]}],"amp_enabled":true,"_links":{"self":[{"href":"https:\/\/geoinformatica.com.py\/index.php\/wp-json\/wp\/v2\/pages\/895","targetHints":{"allow":["GET"]}}],"collection":[{"href":"https:\/\/geoinformatica.com.py\/index.php\/wp-json\/wp\/v2\/pages"}],"about":[{"href":"https:\/\/geoinformatica.com.py\/index.php\/wp-json\/wp\/v2\/types\/page"}],"author":[{"embeddable":true,"href":"https:\/\/geoinformatica.com.py\/index.php\/wp-json\/wp\/v2\/users\/1"}],"replies":[{"embeddable":true,"href":"https:\/\/geoinformatica.com.py\/index.php\/wp-json\/wp\/v2\/comments?post=895"}],"version-history":[{"count":8,"href":"https:\/\/geoinformatica.com.py\/index.php\/wp-json\/wp\/v2\/pages\/895\/revisions"}],"predecessor-version":[{"id":1179,"href":"https:\/\/geoinformatica.com.py\/index.php\/wp-json\/wp\/v2\/pages\/895\/revisions\/1179"}],"wp:attachment":[{"href":"https:\/\/geoinformatica.com.py\/index.php\/wp-json\/wp\/v2\/media?parent=895"}],"curies":[{"name":"wp","href":"https:\/\/api.w.org\/{rel}","templated":true}]}}