{"id":891,"date":"2022-11-16T10:37:04","date_gmt":"2022-11-16T13:37:04","guid":{"rendered":"https:\/\/geoinformatica.com.py\/?page_id=891"},"modified":"2022-12-09T08:18:50","modified_gmt":"2022-12-09T11:18:50","slug":"talleres","status":"publish","type":"page","link":"https:\/\/geoinformatica.com.py\/index.php\/talleres\/","title":{"rendered":"Talleres"},"content":{"rendered":"<h1><em><strong>Taller Manejo de Drones<\/strong><\/em><\/h1>\n<p style=\"text-align: center;\"><img loading=\"lazy\" decoding=\"async\" data-attachment-id=\"652\" data-permalink=\"https:\/\/geoinformatica.com.py\/index.php\/drones\/dron-4\/\" data-orig-file=\"https:\/\/i0.wp.com\/geoinformatica.com.py\/wp-content\/uploads\/2022\/10\/Dron-4.png?fit=474%2C356&amp;ssl=1\" data-orig-size=\"474,356\" data-comments-opened=\"1\" data-image-meta=\"{&quot;aperture&quot;:&quot;0&quot;,&quot;credit&quot;:&quot;&quot;,&quot;camera&quot;:&quot;&quot;,&quot;caption&quot;:&quot;&quot;,&quot;created_timestamp&quot;:&quot;0&quot;,&quot;copyright&quot;:&quot;&quot;,&quot;focal_length&quot;:&quot;0&quot;,&quot;iso&quot;:&quot;0&quot;,&quot;shutter_speed&quot;:&quot;0&quot;,&quot;title&quot;:&quot;&quot;,&quot;orientation&quot;:&quot;0&quot;}\" data-image-title=\"Dron 4\" data-image-description=\"\" data-image-caption=\"\" data-medium-file=\"https:\/\/i0.wp.com\/geoinformatica.com.py\/wp-content\/uploads\/2022\/10\/Dron-4.png?fit=300%2C225&amp;ssl=1\" data-large-file=\"https:\/\/i0.wp.com\/geoinformatica.com.py\/wp-content\/uploads\/2022\/10\/Dron-4.png?fit=474%2C356&amp;ssl=1\" class=\"alignnone wp-image-652\" src=\"https:\/\/i0.wp.com\/geoinformatica.com.py\/wp-content\/uploads\/2022\/10\/Dron-4.png?resize=244%2C183&#038;ssl=1\" alt=\"\" width=\"244\" height=\"183\" srcset=\"https:\/\/i0.wp.com\/geoinformatica.com.py\/wp-content\/uploads\/2022\/10\/Dron-4.png?w=474&amp;ssl=1 474w, https:\/\/i0.wp.com\/geoinformatica.com.py\/wp-content\/uploads\/2022\/10\/Dron-4.png?resize=300%2C225&amp;ssl=1 300w\" sizes=\"auto, (max-width: 244px) 100vw, 244px\" data-recalc-dims=\"1\" \/><\/p>\n<h4>Planificaci\u00f3n de vuelo automatizado.<\/h4>\n<h4>Utilizaci\u00f3n y proceso de im\u00e1genes georreferenciadas.<\/h4>\n<h4>Herramientas y desarrollo con software <a href=\"http:\/\/pix4d.com\/es\">Pix4D<\/a><\/h4>\n<h4><a href=\"https:\/\/geoinformatica.com.py\/index.php\/presupuesto\/\">Solicite su presupuesto&#8230;.<\/a><\/h4>\n<hr \/>\n<h1><strong><em>Taller Medici\u00f3n de antenas<\/em><\/strong><\/h1>\n<p style=\"text-align: center;\"><img loading=\"lazy\" decoding=\"async\" data-attachment-id=\"671\" data-permalink=\"https:\/\/geoinformatica.com.py\/index.php\/productos\/oip-12\/\" data-orig-file=\"https:\/\/i0.wp.com\/geoinformatica.com.py\/wp-content\/uploads\/2022\/10\/OIP-12.jpeg?fit=475%2C294&amp;ssl=1\" data-orig-size=\"475,294\" data-comments-opened=\"1\" data-image-meta=\"{&quot;aperture&quot;:&quot;0&quot;,&quot;credit&quot;:&quot;&quot;,&quot;camera&quot;:&quot;&quot;,&quot;caption&quot;:&quot;&quot;,&quot;created_timestamp&quot;:&quot;0&quot;,&quot;copyright&quot;:&quot;&quot;,&quot;focal_length&quot;:&quot;0&quot;,&quot;iso&quot;:&quot;0&quot;,&quot;shutter_speed&quot;:&quot;0&quot;,&quot;title&quot;:&quot;&quot;,&quot;orientation&quot;:&quot;0&quot;}\" data-image-title=\"OIP (12)\" data-image-description=\"\" data-image-caption=\"\" data-medium-file=\"https:\/\/i0.wp.com\/geoinformatica.com.py\/wp-content\/uploads\/2022\/10\/OIP-12.jpeg?fit=300%2C186&amp;ssl=1\" data-large-file=\"https:\/\/i0.wp.com\/geoinformatica.com.py\/wp-content\/uploads\/2022\/10\/OIP-12.jpeg?fit=475%2C294&amp;ssl=1\" class=\"alignnone wp-image-671\" src=\"https:\/\/i0.wp.com\/geoinformatica.com.py\/wp-content\/uploads\/2022\/10\/OIP-12.jpeg?resize=278%2C172&#038;ssl=1\" alt=\"\" width=\"278\" height=\"172\" srcset=\"https:\/\/i0.wp.com\/geoinformatica.com.py\/wp-content\/uploads\/2022\/10\/OIP-12.jpeg?w=475&amp;ssl=1 475w, https:\/\/i0.wp.com\/geoinformatica.com.py\/wp-content\/uploads\/2022\/10\/OIP-12.jpeg?resize=300%2C186&amp;ssl=1 300w\" sizes=\"auto, (max-width: 278px) 100vw, 278px\" data-recalc-dims=\"1\" \/><\/p>\n<ol>\n<li>\n<h4>Estructura sitio m\u00f3vil.<\/h4>\n<\/li>\n<li>\n<h4>Seguridad en Altura.<\/h4>\n<\/li>\n<li>\n<h4>Spectrum Clearance.<\/h4>\n<\/li>\n<\/ol>\n<h4><a href=\"https:\/\/geoinformatica.com.py\/index.php\/presupuesto\/\">Solicite su presupuesto&#8230;.<\/a><\/h4>\n<hr \/>\n<h1><\/h1>\n","protected":false},"excerpt":{"rendered":"<p>Taller Manejo de Drones Planificaci\u00f3n de vuelo automatizado. Utilizaci\u00f3n y proceso de im\u00e1genes georreferenciadas. Herramientas y desarrollo con software Pix4D Solicite su presupuesto&#8230;. Taller Medici\u00f3n de antenas Estructura sitio m\u00f3vil. Seguridad en Altura. Spectrum Clearance. Solicite su presupuesto&#8230;.<\/p>\n","protected":false},"author":1,"featured_media":0,"parent":0,"menu_order":0,"comment_status":"closed","ping_status":"closed","template":"","meta":{"footnotes":""},"class_list":["post-891","page","type-page","status-publish","hentry"],"jetpack-related-posts":[{"id":22,"url":"https:\/\/geoinformatica.com.py\/index.php\/productos\/","url_meta":{"origin":891,"position":0},"title":"Productos","author":"admin","date":"18 de noviembre de 2022","format":false,"excerpt":"Brindamos los siguientes servicios, de modo a solicitar tu presupuesto acorde a tus necesidades.\u00a0 \u00a0 Cursos de Drones.\u00a0 Monitoreo de Seguridad.\u00a0 Fotogrametr\u00eda.\u00a0 Levantamiento Cartogr\u00e1fico 3D.\u00a0 Planos en 3D. Planos Georreferenciados. Consultor\u00eda.\u00a0 Servicios Topogr\u00e1ficas en Gral. Desarrollo de Software.\u00a0 Desarrollo de App.\u00a0 Academia OnLine.\u00a0 \u00a0 Favor completar el formulario que preparamos,\u2026","rel":"","context":"Entrada similar","block_context":{"text":"Entrada similar","link":""},"img":{"alt_text":"","src":"https:\/\/i0.wp.com\/geoinformatica.com.py\/wp-content\/uploads\/2022\/10\/IMG-DESARROLLO-SOFTWARE-e1666188901659.jpg?resize=350%2C200&ssl=1","width":350,"height":200},"classes":[]},{"id":895,"url":"https:\/\/geoinformatica.com.py\/index.php\/presupuesto\/","url_meta":{"origin":891,"position":1},"title":"Presupuesto","author":"admin","date":"16 de noviembre de 2022","format":false,"excerpt":"Para realizar su presupuesto a medida, favor completar el siguiente formulario, y nos comunicaremos a la brevedad posible Esta es una p\u00e1gina con informaci\u00f3n de contacto b\u00e1sica, como la direcci\u00f3n y el n\u00famero de tel\u00e9fono. De modo a brindarle un servicio personalizado y efectivo. \u00a0","rel":"","context":"Entrada similar","block_context":{"text":"Entrada similar","link":""},"img":{"alt_text":"","src":"https:\/\/i0.wp.com\/geoinformatica.com.py\/wp-content\/uploads\/2022\/11\/images-31-1.jpeg?resize=350%2C200&ssl=1","width":350,"height":200,"srcset":"https:\/\/i0.wp.com\/geoinformatica.com.py\/wp-content\/uploads\/2022\/11\/images-31-1.jpeg?resize=350%2C200&ssl=1 1x, https:\/\/i0.wp.com\/geoinformatica.com.py\/wp-content\/uploads\/2022\/11\/images-31-1.jpeg?resize=700%2C400&ssl=1 2x"},"classes":[]},{"id":371,"url":"https:\/\/geoinformatica.com.py\/index.php\/nosotros\/","url_meta":{"origin":891,"position":2},"title":"Nosotros","author":"admin","date":"30 de septiembre de 2022","format":false,"excerpt":"Somos un equipo de profesionales dedicados a la topograf\u00eda, cartograf\u00eda, levantamiento de informaci\u00f3n tem\u00e1tica, catastros, planificaci\u00f3n territorial y desarrollo de Software, comprometidos con la eficiencia en los procesos, reduciendo costos y tiempo, as\u00ed como con la eficacia en los resultados, buscando en cada proyecto que desarrollamos el componente diferencial que\u2026","rel":"","context":"Entrada similar","block_context":{"text":"Entrada similar","link":""},"img":{"alt_text":"","src":"https:\/\/i0.wp.com\/geoinformatica.com.py\/wp-content\/uploads\/2022\/12\/Dron-2-1024x683.jpg?resize=350%2C200&ssl=1","width":350,"height":200},"classes":[]},{"id":21,"url":"https:\/\/geoinformatica.com.py\/","url_meta":{"origin":891,"position":3},"title":"Inicio","author":"admin","date":"22 de agosto de 2022","format":false,"excerpt":"\u00a1Bienvenido a Geoinform\u00e1tica! \u00a0 Esta es tu p\u00e1gina de Consultor\u00edas y Servicios Inform\u00e1ticos \u00a0 Pase a ver nuestros servicios, realice su pedido de presupuesto sin compromiso. \u00a0 \u00a0 \u00a0 Facebook Linkedin Instagram Whatsapp","rel":"","context":"Entrada similar","block_context":{"text":"Entrada similar","link":""},"img":{"alt_text":"","src":"https:\/\/i0.wp.com\/geoinformatica.com.py\/wp-content\/uploads\/2022\/12\/Dron-2-1024x683.jpg?resize=350%2C200&ssl=1","width":350,"height":200,"srcset":"https:\/\/i0.wp.com\/geoinformatica.com.py\/wp-content\/uploads\/2022\/12\/Dron-2-1024x683.jpg?resize=350%2C200&ssl=1 1x, https:\/\/i0.wp.com\/geoinformatica.com.py\/wp-content\/uploads\/2022\/12\/Dron-2-1024x683.jpg?resize=700%2C400&ssl=1 2x"},"classes":[]},{"id":359,"url":"https:\/\/geoinformatica.com.py\/index.php\/productos\/proyectos\/","url_meta":{"origin":891,"position":4},"title":"Proyectos","author":"admin","date":"26 de septiembre de 2022","format":false,"excerpt":"Aqu\u00ed encontraras los proyectos realizados Monitoreo evento Club Centenario\u00a0 Proyecto de Alcantarillado Ciudad de Piribebuy Levantamiento Cartogr\u00e1fico Ciudad de Santan\u00ed\u00a0 Taller sobre Antenas Taller Manejo de Drones \u00a0 \u00a0 \u00a0 \u00a0 \u00a0","rel":"","context":"Entrada similar","block_context":{"text":"Entrada similar","link":""},"img":{"alt_text":"","src":"https:\/\/i0.wp.com\/geoinformatica.com.py\/wp-content\/uploads\/2022\/08\/301955620_577536284046746_1817738026925793432_n-scaled.jpg?resize=350%2C200&ssl=1","width":350,"height":200,"srcset":"https:\/\/i0.wp.com\/geoinformatica.com.py\/wp-content\/uploads\/2022\/08\/301955620_577536284046746_1817738026925793432_n-scaled.jpg?resize=350%2C200&ssl=1 1x, https:\/\/i0.wp.com\/geoinformatica.com.py\/wp-content\/uploads\/2022\/08\/301955620_577536284046746_1817738026925793432_n-scaled.jpg?resize=700%2C400&ssl=1 2x, https:\/\/i0.wp.com\/geoinformatica.com.py\/wp-content\/uploads\/2022\/08\/301955620_577536284046746_1817738026925793432_n-scaled.jpg?resize=1050%2C600&ssl=1 3x, https:\/\/i0.wp.com\/geoinformatica.com.py\/wp-content\/uploads\/2022\/08\/301955620_577536284046746_1817738026925793432_n-scaled.jpg?resize=1400%2C800&ssl=1 4x"},"classes":[]},{"id":472,"url":"https:\/\/geoinformatica.com.py\/index.php\/productos\/galeria\/conatel-2022\/","url_meta":{"origin":891,"position":5},"title":"TALLER ANTENAS","author":"admin","date":"5 de octubre de 2022","format":false,"excerpt":"Capacitaci\u00f3n y taller en Torres de Telecomunicaciones Se realizo el taller entre los funcionarios inscriptos e invitados por la comisi\u00f3n Nacional de Telecomunicaciones entre los d\u00edas 30\/08\/2022 al 09\/09\/2022. Para tener en cuenta las actividades de planificaci\u00f3n, instalaci\u00f3n y mantenimiento de las redes de telecomunicaciones, si no se hacen de\u2026","rel":"","context":"Entrada similar","block_context":{"text":"Entrada similar","link":""},"img":{"alt_text":"","src":"https:\/\/i0.wp.com\/geoinformatica.com.py\/wp-content\/uploads\/2022\/10\/IMG-20220902-WA0004.jpg?resize=350%2C200","width":350,"height":200},"classes":[]}],"amp_enabled":true,"_links":{"self":[{"href":"https:\/\/geoinformatica.com.py\/index.php\/wp-json\/wp\/v2\/pages\/891","targetHints":{"allow":["GET"]}}],"collection":[{"href":"https:\/\/geoinformatica.com.py\/index.php\/wp-json\/wp\/v2\/pages"}],"about":[{"href":"https:\/\/geoinformatica.com.py\/index.php\/wp-json\/wp\/v2\/types\/page"}],"author":[{"embeddable":true,"href":"https:\/\/geoinformatica.com.py\/index.php\/wp-json\/wp\/v2\/users\/1"}],"replies":[{"embeddable":true,"href":"https:\/\/geoinformatica.com.py\/index.php\/wp-json\/wp\/v2\/comments?post=891"}],"version-history":[{"count":8,"href":"https:\/\/geoinformatica.com.py\/index.php\/wp-json\/wp\/v2\/pages\/891\/revisions"}],"predecessor-version":[{"id":1151,"href":"https:\/\/geoinformatica.com.py\/index.php\/wp-json\/wp\/v2\/pages\/891\/revisions\/1151"}],"wp:attachment":[{"href":"https:\/\/geoinformatica.com.py\/index.php\/wp-json\/wp\/v2\/media?parent=891"}],"curies":[{"name":"wp","href":"https:\/\/api.w.org\/{rel}","templated":true}]}}