{"id":359,"date":"2022-09-26T16:13:13","date_gmt":"2022-09-26T16:13:13","guid":{"rendered":"https:\/\/geoinformatica.com.py\/?page_id=359"},"modified":"2022-11-29T09:00:29","modified_gmt":"2022-11-29T12:00:29","slug":"proyectos","status":"publish","type":"page","link":"https:\/\/geoinformatica.com.py\/index.php\/productos\/proyectos\/","title":{"rendered":"Proyectos"},"content":{"rendered":"<h1 style=\"text-align: center;\"><span style=\"color: #3366ff;\">Aqu\u00ed encontraras los proyectos realizados<\/span><\/h1>\n<hr \/>\n<h1><img loading=\"lazy\" decoding=\"async\" data-attachment-id=\"108\" data-permalink=\"https:\/\/geoinformatica.com.py\/index.php\/productos\/proyectos\/301955620_577536284046746_1817738026925793432_n\/\" data-orig-file=\"https:\/\/i0.wp.com\/geoinformatica.com.py\/wp-content\/uploads\/2022\/08\/301955620_577536284046746_1817738026925793432_n-scaled.jpg?fit=2560%2C947&amp;ssl=1\" data-orig-size=\"2560,947\" data-comments-opened=\"1\" data-image-meta=\"{&quot;aperture&quot;:&quot;0&quot;,&quot;credit&quot;:&quot;&quot;,&quot;camera&quot;:&quot;&quot;,&quot;caption&quot;:&quot;&quot;,&quot;created_timestamp&quot;:&quot;0&quot;,&quot;copyright&quot;:&quot;&quot;,&quot;focal_length&quot;:&quot;0&quot;,&quot;iso&quot;:&quot;0&quot;,&quot;shutter_speed&quot;:&quot;0&quot;,&quot;title&quot;:&quot;&quot;,&quot;orientation&quot;:&quot;0&quot;}\" data-image-title=\"301955620_577536284046746_1817738026925793432_n\" data-image-description=\"\" data-image-caption=\"\" data-medium-file=\"https:\/\/i0.wp.com\/geoinformatica.com.py\/wp-content\/uploads\/2022\/08\/301955620_577536284046746_1817738026925793432_n-scaled.jpg?fit=300%2C111&amp;ssl=1\" data-large-file=\"https:\/\/i0.wp.com\/geoinformatica.com.py\/wp-content\/uploads\/2022\/08\/301955620_577536284046746_1817738026925793432_n-scaled.jpg?fit=1024%2C379&amp;ssl=1\" class=\"wp-image-108 alignleft\" src=\"https:\/\/i0.wp.com\/geoinformatica.com.py\/wp-content\/uploads\/2022\/08\/301955620_577536284046746_1817738026925793432_n-scaled.jpg?resize=1830%2C677&#038;ssl=1\" alt=\"\" width=\"1830\" height=\"677\" srcset=\"https:\/\/i0.wp.com\/geoinformatica.com.py\/wp-content\/uploads\/2022\/08\/301955620_577536284046746_1817738026925793432_n-scaled.jpg?w=2560&amp;ssl=1 2560w, https:\/\/i0.wp.com\/geoinformatica.com.py\/wp-content\/uploads\/2022\/08\/301955620_577536284046746_1817738026925793432_n-scaled.jpg?resize=300%2C111&amp;ssl=1 300w, https:\/\/i0.wp.com\/geoinformatica.com.py\/wp-content\/uploads\/2022\/08\/301955620_577536284046746_1817738026925793432_n-scaled.jpg?resize=1024%2C379&amp;ssl=1 1024w, https:\/\/i0.wp.com\/geoinformatica.com.py\/wp-content\/uploads\/2022\/08\/301955620_577536284046746_1817738026925793432_n-scaled.jpg?resize=768%2C284&amp;ssl=1 768w, https:\/\/i0.wp.com\/geoinformatica.com.py\/wp-content\/uploads\/2022\/08\/301955620_577536284046746_1817738026925793432_n-scaled.jpg?resize=1536%2C568&amp;ssl=1 1536w, https:\/\/i0.wp.com\/geoinformatica.com.py\/wp-content\/uploads\/2022\/08\/301955620_577536284046746_1817738026925793432_n-scaled.jpg?resize=2048%2C758&amp;ssl=1 2048w\" sizes=\"auto, (max-width: 1000px) 100vw, 1000px\" data-recalc-dims=\"1\" \/><\/h1>\n<h1><\/h1>\n<h1 style=\"text-align: center;\"><em><a href=\"https:\/\/geoinformatica.com.py\/index.php\/club-centenario-monitoreo-uav\/\">Monitoreo evento Club Centenario\u00a0<\/a><\/em><\/h1>\n<h1 style=\"text-align: center;\"><a href=\"https:\/\/geoinformatica.com.py\/index.php\/proyecto-alcantarillado-piribebuy\/\"><em>Proyecto de Alcantarillado Ciudad de Piribebuy<\/em><\/a><\/h1>\n<h1 style=\"text-align: center;\"><a href=\"https:\/\/geoinformatica.com.py\/index.php\/levantamiento-cartografico\/\"><em>Levantamiento Cartogr\u00e1fico Ciudad de Santan\u00ed\u00a0<\/em><\/a><\/h1>\n<h1 style=\"text-align: center;\"><a style=\"font-family: inherit; font-size: 2.5rem; font-weight: bold;\" href=\"https:\/\/geoinformatica.com.py\/index.php\/productos\/galeria\/conatel-2022\/\"><em>Taller sobre Antenas<\/em><\/a><\/h1>\n<h1 style=\"text-align: center;\"><a href=\"https:\/\/geoinformatica.com.py\/index.php\/productos\/galeria\/taller-manejo-de-drones\/\"><em>Taller Manejo de Drones<\/em><\/a><\/h1>\n<p>&nbsp;<\/p>\n<p>&nbsp;<\/p>\n<p>&nbsp;<\/p>\n<p>&nbsp;<\/p>\n<h2><\/h2>\n<p>&nbsp;<\/p>\n","protected":false},"excerpt":{"rendered":"<p>Aqu\u00ed encontraras los proyectos realizados Monitoreo evento Club Centenario\u00a0 Proyecto de Alcantarillado Ciudad de Piribebuy Levantamiento Cartogr\u00e1fico Ciudad de Santan\u00ed\u00a0 Taller sobre Antenas Taller Manejo de Drones &nbsp; &nbsp; &nbsp; &nbsp; &nbsp;<\/p>\n","protected":false},"author":1,"featured_media":0,"parent":22,"menu_order":0,"comment_status":"closed","ping_status":"closed","template":"","meta":{"footnotes":""},"class_list":["post-359","page","type-page","status-publish","hentry"],"jetpack-related-posts":[{"id":983,"url":"https:\/\/geoinformatica.com.py\/index.php\/proyecto-alcantarillado-piribebuy\/","url_meta":{"origin":359,"position":0},"title":"Levantamiento Cartogr\u00e1fico","author":"admin","date":"22 de noviembre de 2022","format":false,"excerpt":"Proyecto Alcantarillado Eusebio Ayala, Piribebuy, San Estanislao y Alberdi Dentro del proceso para el saneamiento de las ciudades Eusebio Ayala, Piribebuy, San Estanislao y Alberdi, se dio inicio al trabajo de consultor\u00eda, para desarrollar los estudios de factibilidad y elaboraci\u00f3n de anteproyecto avanzado para sistemas de alcantarillado sanitario, planta de\u2026","rel":"","context":"Entrada similar","block_context":{"text":"Entrada similar","link":""},"img":{"alt_text":"","src":"https:\/\/i0.wp.com\/geoinformatica.com.py\/wp-content\/uploads\/2022\/11\/273110593_4890051387751498_4130194680785912388_n.jpg?resize=350%2C200","width":350,"height":200},"classes":[]},{"id":371,"url":"https:\/\/geoinformatica.com.py\/index.php\/nosotros\/","url_meta":{"origin":359,"position":1},"title":"Nosotros","author":"admin","date":"30 de septiembre de 2022","format":false,"excerpt":"Somos un equipo de profesionales dedicados a la topograf\u00eda, cartograf\u00eda, levantamiento de informaci\u00f3n tem\u00e1tica, catastros, planificaci\u00f3n territorial y desarrollo de Software, comprometidos con la eficiencia en los procesos, reduciendo costos y tiempo, as\u00ed como con la eficacia en los resultados, buscando en cada proyecto que desarrollamos el componente diferencial que\u2026","rel":"","context":"Entrada similar","block_context":{"text":"Entrada similar","link":""},"img":{"alt_text":"","src":"https:\/\/i0.wp.com\/geoinformatica.com.py\/wp-content\/uploads\/2022\/12\/Dron-2-1024x683.jpg?resize=350%2C200&ssl=1","width":350,"height":200},"classes":[]},{"id":22,"url":"https:\/\/geoinformatica.com.py\/index.php\/productos\/","url_meta":{"origin":359,"position":2},"title":"Productos","author":"admin","date":"18 de noviembre de 2022","format":false,"excerpt":"Brindamos los siguientes servicios, de modo a solicitar tu presupuesto acorde a tus necesidades.\u00a0 \u00a0 Cursos de Drones.\u00a0 Monitoreo de Seguridad.\u00a0 Fotogrametr\u00eda.\u00a0 Levantamiento Cartogr\u00e1fico 3D.\u00a0 Planos en 3D. Planos Georreferenciados. Consultor\u00eda.\u00a0 Servicios Topogr\u00e1ficas en Gral. Desarrollo de Software.\u00a0 Desarrollo de App.\u00a0 Academia OnLine.\u00a0 \u00a0 Favor completar el formulario que preparamos,\u2026","rel":"","context":"Entrada similar","block_context":{"text":"Entrada similar","link":""},"img":{"alt_text":"","src":"https:\/\/i0.wp.com\/geoinformatica.com.py\/wp-content\/uploads\/2022\/10\/IMG-DESARROLLO-SOFTWARE-e1666188901659.jpg?resize=350%2C200&ssl=1","width":350,"height":200},"classes":[]},{"id":1004,"url":"https:\/\/geoinformatica.com.py\/index.php\/club-centenario-monitoreo-uav\/","url_meta":{"origin":359,"position":3},"title":"Club Centenario \u00abMonitoreo UAV\u00bb","author":"admin","date":"22 de noviembre de 2022","format":false,"excerpt":"San Juan del Club Centenario - Sede Social Surubi\u00b4y Proyecto Monitoreo de Seguridad\u00a0 \u00a0 Trabajo a\u00e9reo con equipos drones para Evento San Juan en sede Surubi\u2019y, de forma permanente del \u00e1rea correspondiente a 100 has del predio, realiz\u00e1ndose previamente simulaciones y reconocimiento de campo para definici\u00f3n de zonas cr\u00edticas de\u2026","rel":"","context":"Entrada similar","block_context":{"text":"Entrada similar","link":""},"img":{"alt_text":"","src":"https:\/\/i0.wp.com\/geoinformatica.com.py\/wp-content\/uploads\/2022\/12\/Club-Centenario-11.jpg?resize=350%2C200","width":350,"height":200},"classes":[]},{"id":945,"url":"https:\/\/geoinformatica.com.py\/index.php\/levantamiento-cartografico\/","url_meta":{"origin":359,"position":4},"title":"Levantamiento Aerofotogram\u00e9trico","author":"admin","date":"21 de noviembre de 2022","format":false,"excerpt":"LEVANTAMIENTO AEROFOTOGRAMETRICO El proceso en el que nos embarcaremos tendr\u00e1 como resultado los siguientes materiales que ser\u00e1n entregados al final de la consultor\u00eda y cubrir\u00e1n en extenso todas las bases t\u00e9cnicas necesarias para ejecutar el proyecto. \u2713 Fotograf\u00edas a\u00e9reas tomadas desde con el UAV con tama\u00f1o de pixel de 3\u2026","rel":"","context":"Entrada similar","block_context":{"text":"Entrada similar","link":""},"img":{"alt_text":"","src":"https:\/\/i0.wp.com\/geoinformatica.com.py\/wp-content\/uploads\/2022\/11\/Pto21-scaled.jpg?resize=350%2C200","width":350,"height":200},"classes":[]},{"id":739,"url":"https:\/\/geoinformatica.com.py\/index.php\/productos\/galeria\/taller-manejo-de-drones\/","url_meta":{"origin":359,"position":5},"title":"Taller Manejo de Drones","author":"admin","date":"7 de noviembre de 2022","format":false,"excerpt":"Curso de Drones Taller llevado a cabo, con funcionarios de la CONATEL, llevando al campo del control y el uso de las herramientas actuales por medio de Drones. Los drones no son el futuro, son el presente. Hoy la utilizaci\u00f3n de los drones o RPAS, son parte fundamental de los\u2026","rel":"","context":"Entrada similar","block_context":{"text":"Entrada similar","link":""},"img":{"alt_text":"","src":"https:\/\/i0.wp.com\/geoinformatica.com.py\/wp-content\/uploads\/2022\/11\/20221012_094304-scaled.jpg?resize=350%2C200","width":350,"height":200},"classes":[]}],"amp_enabled":true,"_links":{"self":[{"href":"https:\/\/geoinformatica.com.py\/index.php\/wp-json\/wp\/v2\/pages\/359","targetHints":{"allow":["GET"]}}],"collection":[{"href":"https:\/\/geoinformatica.com.py\/index.php\/wp-json\/wp\/v2\/pages"}],"about":[{"href":"https:\/\/geoinformatica.com.py\/index.php\/wp-json\/wp\/v2\/types\/page"}],"author":[{"embeddable":true,"href":"https:\/\/geoinformatica.com.py\/index.php\/wp-json\/wp\/v2\/users\/1"}],"replies":[{"embeddable":true,"href":"https:\/\/geoinformatica.com.py\/index.php\/wp-json\/wp\/v2\/comments?post=359"}],"version-history":[{"count":9,"href":"https:\/\/geoinformatica.com.py\/index.php\/wp-json\/wp\/v2\/pages\/359\/revisions"}],"predecessor-version":[{"id":1080,"href":"https:\/\/geoinformatica.com.py\/index.php\/wp-json\/wp\/v2\/pages\/359\/revisions\/1080"}],"up":[{"embeddable":true,"href":"https:\/\/geoinformatica.com.py\/index.php\/wp-json\/wp\/v2\/pages\/22"}],"wp:attachment":[{"href":"https:\/\/geoinformatica.com.py\/index.php\/wp-json\/wp\/v2\/media?parent=359"}],"curies":[{"name":"wp","href":"https:\/\/api.w.org\/{rel}","templated":true}]}}