{"id":22,"date":"2022-11-18T00:00:21","date_gmt":"2022-11-18T03:00:21","guid":{"rendered":"https:\/\/geoinformatica.com.py\/?page_id=22"},"modified":"2022-12-01T07:36:13","modified_gmt":"2022-12-01T10:36:13","slug":"productos","status":"publish","type":"page","link":"https:\/\/geoinformatica.com.py\/index.php\/productos\/","title":{"rendered":"Productos"},"content":{"rendered":"\r\n<h2 style=\"text-align: center;\"><a href=\"https:\/\/i0.wp.com\/geoinformatica.com.py\/wp-content\/uploads\/2022\/10\/IMG-DESARROLLO-SOFTWARE-e1666188901659.jpg?ssl=1\"><img loading=\"lazy\" decoding=\"async\" data-attachment-id=\"701\" data-permalink=\"https:\/\/geoinformatica.com.py\/index.php\/productos\/img-desarrollo-software\/\" data-orig-file=\"https:\/\/i0.wp.com\/geoinformatica.com.py\/wp-content\/uploads\/2022\/10\/IMG-DESARROLLO-SOFTWARE-e1666188901659.jpg?fit=651%2C405&amp;ssl=1\" data-orig-size=\"651,405\" data-comments-opened=\"1\" data-image-meta=\"{&quot;aperture&quot;:&quot;0&quot;,&quot;credit&quot;:&quot;&quot;,&quot;camera&quot;:&quot;&quot;,&quot;caption&quot;:&quot;&quot;,&quot;created_timestamp&quot;:&quot;0&quot;,&quot;copyright&quot;:&quot;&quot;,&quot;focal_length&quot;:&quot;0&quot;,&quot;iso&quot;:&quot;0&quot;,&quot;shutter_speed&quot;:&quot;0&quot;,&quot;title&quot;:&quot;&quot;,&quot;orientation&quot;:&quot;0&quot;}\" data-image-title=\"IMG-DESARROLLO-SOFTWARE\" data-image-description=\"\" data-image-caption=\"\" data-medium-file=\"https:\/\/i0.wp.com\/geoinformatica.com.py\/wp-content\/uploads\/2022\/10\/IMG-DESARROLLO-SOFTWARE-e1666188901659.jpg?fit=300%2C187&amp;ssl=1\" data-large-file=\"https:\/\/i0.wp.com\/geoinformatica.com.py\/wp-content\/uploads\/2022\/10\/IMG-DESARROLLO-SOFTWARE-e1666188901659.jpg?fit=651%2C405&amp;ssl=1\" class=\"alignnone  wp-image-701\" src=\"https:\/\/i0.wp.com\/geoinformatica.com.py\/wp-content\/uploads\/2022\/10\/IMG-DESARROLLO-SOFTWARE-e1666188901659.jpg?resize=378%2C235&#038;ssl=1\" alt=\"\" width=\"378\" height=\"235\" srcset=\"https:\/\/i0.wp.com\/geoinformatica.com.py\/wp-content\/uploads\/2022\/10\/IMG-DESARROLLO-SOFTWARE-e1666188901659.jpg?w=651&amp;ssl=1 651w, https:\/\/i0.wp.com\/geoinformatica.com.py\/wp-content\/uploads\/2022\/10\/IMG-DESARROLLO-SOFTWARE-e1666188901659.jpg?resize=300%2C187&amp;ssl=1 300w, https:\/\/i0.wp.com\/geoinformatica.com.py\/wp-content\/uploads\/2022\/10\/IMG-DESARROLLO-SOFTWARE-e1666188901659.jpg?resize=600%2C373&amp;ssl=1 600w\" sizes=\"auto, (max-width: 378px) 100vw, 378px\" data-recalc-dims=\"1\" \/><\/a><\/h2>\r\n<h2 style=\"text-align: center;\">Brindamos los siguientes servicios, de modo a solicitar tu presupuesto acorde a tus necesidades.\u00a0<\/h2>\r\n<p>&nbsp;<\/p>\r\n<h2 style=\"text-align: center;\">Cursos de Drones.\u00a0<\/h2>\r\n<h2 style=\"text-align: center;\">Monitoreo de Seguridad.\u00a0<\/h2>\r\n<h2 style=\"text-align: center;\">Fotogrametr\u00eda.\u00a0<\/h2>\r\n<h2 style=\"text-align: center;\">Levantamiento Cartogr\u00e1fico 3D.\u00a0<\/h2>\r\n<h2 style=\"text-align: center;\">Planos en 3D.<\/h2>\r\n<h2 style=\"text-align: center;\">Planos Georreferenciados.<\/h2>\r\n<h2 style=\"text-align: center;\">Consultor\u00eda.\u00a0<\/h2>\r\n<h2 style=\"text-align: center;\">Servicios Topogr\u00e1ficas en Gral.<\/h2>\r\n<h2 style=\"text-align: center;\">Desarrollo de Software.\u00a0<\/h2>\r\n<h2 style=\"text-align: center;\">Desarrollo de App.\u00a0<\/h2>\r\n<h2 style=\"text-align: center;\">Academia OnLine.\u00a0<\/h2>\r\n<p>&nbsp;<\/p>\r\n<h2 style=\"text-align: center;\">Favor completar el formulario que preparamos, de modo a solicitar su proyecto a medida u objetivo,\u00a0 y plantear el mejor <a href=\"https:\/\/geoinformatica.com.py\/index.php\/presupuesto\/\">presupuesto.<\/a><\/h2>\r\n<h2 style=\"text-align: center;\"><a href=\"https:\/\/i0.wp.com\/geoinformatica.com.py\/wp-content\/uploads\/2022\/10\/OIP-12.jpeg?ssl=1\"><img loading=\"lazy\" decoding=\"async\" data-attachment-id=\"671\" data-permalink=\"https:\/\/geoinformatica.com.py\/index.php\/productos\/oip-12\/\" data-orig-file=\"https:\/\/i0.wp.com\/geoinformatica.com.py\/wp-content\/uploads\/2022\/10\/OIP-12.jpeg?fit=475%2C294&amp;ssl=1\" data-orig-size=\"475,294\" data-comments-opened=\"1\" data-image-meta=\"{&quot;aperture&quot;:&quot;0&quot;,&quot;credit&quot;:&quot;&quot;,&quot;camera&quot;:&quot;&quot;,&quot;caption&quot;:&quot;&quot;,&quot;created_timestamp&quot;:&quot;0&quot;,&quot;copyright&quot;:&quot;&quot;,&quot;focal_length&quot;:&quot;0&quot;,&quot;iso&quot;:&quot;0&quot;,&quot;shutter_speed&quot;:&quot;0&quot;,&quot;title&quot;:&quot;&quot;,&quot;orientation&quot;:&quot;0&quot;}\" data-image-title=\"OIP (12)\" data-image-description=\"\" data-image-caption=\"\" data-medium-file=\"https:\/\/i0.wp.com\/geoinformatica.com.py\/wp-content\/uploads\/2022\/10\/OIP-12.jpeg?fit=300%2C186&amp;ssl=1\" data-large-file=\"https:\/\/i0.wp.com\/geoinformatica.com.py\/wp-content\/uploads\/2022\/10\/OIP-12.jpeg?fit=475%2C294&amp;ssl=1\" class=\"alignnone  wp-image-671\" src=\"https:\/\/i0.wp.com\/geoinformatica.com.py\/wp-content\/uploads\/2022\/10\/OIP-12.jpeg?resize=690%2C427&#038;ssl=1\" alt=\"\" width=\"690\" height=\"427\" srcset=\"https:\/\/i0.wp.com\/geoinformatica.com.py\/wp-content\/uploads\/2022\/10\/OIP-12.jpeg?w=475&amp;ssl=1 475w, https:\/\/i0.wp.com\/geoinformatica.com.py\/wp-content\/uploads\/2022\/10\/OIP-12.jpeg?resize=300%2C186&amp;ssl=1 300w\" sizes=\"auto, (max-width: 690px) 100vw, 690px\" data-recalc-dims=\"1\" \/><\/a><\/h2>\r\n<h2>\u00a0<\/h2>\r\n<p>&nbsp;<\/p>\r\n","protected":false},"excerpt":{"rendered":"<p>Brindamos los siguientes servicios, de modo a solicitar tu presupuesto acorde a tus necesidades.\u00a0 &nbsp; Cursos de Drones.\u00a0 Monitoreo de Seguridad.\u00a0 Fotogrametr\u00eda.\u00a0 Levantamiento Cartogr\u00e1fico 3D.\u00a0 Planos en 3D. Planos Georreferenciados. Consultor\u00eda.\u00a0 Servicios Topogr\u00e1ficas en Gral. Desarrollo de Software.\u00a0 Desarrollo de App.\u00a0 Academia OnLine.\u00a0 &nbsp; Favor completar el formulario que preparamos, de modo a solicitar su proyecto a medida u objetivo,\u00a0 y plantear el mejor presupuesto. \u00a0 &nbsp;<\/p>\n","protected":false},"author":1,"featured_media":0,"parent":0,"menu_order":4,"comment_status":"closed","ping_status":"closed","template":"","meta":{"footnotes":""},"class_list":["post-22","page","type-page","status-publish","hentry"],"jetpack-related-posts":[{"id":739,"url":"https:\/\/geoinformatica.com.py\/index.php\/productos\/galeria\/taller-manejo-de-drones\/","url_meta":{"origin":22,"position":0},"title":"Taller Manejo de Drones","author":"admin","date":"7 de noviembre de 2022","format":false,"excerpt":"Curso de Drones Taller llevado a cabo, con funcionarios de la CONATEL, llevando al campo del control y el uso de las herramientas actuales por medio de Drones. Los drones no son el futuro, son el presente. Hoy la utilizaci\u00f3n de los drones o RPAS, son parte fundamental de los\u2026","rel":"","context":"Entrada similar","block_context":{"text":"Entrada similar","link":""},"img":{"alt_text":"","src":"https:\/\/i0.wp.com\/geoinformatica.com.py\/wp-content\/uploads\/2022\/11\/20221012_094304-scaled.jpg?resize=350%2C200","width":350,"height":200},"classes":[]},{"id":357,"url":"https:\/\/geoinformatica.com.py\/index.php\/productos\/galeria\/","url_meta":{"origin":22,"position":1},"title":"Galer\u00eda","author":"admin","date":"26 de septiembre de 2022","format":false,"excerpt":"SERVICIOS GEOINFORMATICA \u00a0 \u00a0 \u00a0","rel":"","context":"Entrada similar","block_context":{"text":"Entrada similar","link":""},"img":{"alt_text":"","src":"https:\/\/i0.wp.com\/geoinformatica.com.py\/wp-content\/uploads\/2022\/09\/88991574_2861428853947105_5205181525854781440_n-e1664968054920.jpg?resize=350%2C200","width":350,"height":200},"classes":[]},{"id":895,"url":"https:\/\/geoinformatica.com.py\/index.php\/presupuesto\/","url_meta":{"origin":22,"position":2},"title":"Presupuesto","author":"admin","date":"16 de noviembre de 2022","format":false,"excerpt":"Para realizar su presupuesto a medida, favor completar el siguiente formulario, y nos comunicaremos a la brevedad posible Esta es una p\u00e1gina con informaci\u00f3n de contacto b\u00e1sica, como la direcci\u00f3n y el n\u00famero de tel\u00e9fono. De modo a brindarle un servicio personalizado y efectivo. \u00a0","rel":"","context":"Entrada similar","block_context":{"text":"Entrada similar","link":""},"img":{"alt_text":"","src":"https:\/\/i0.wp.com\/geoinformatica.com.py\/wp-content\/uploads\/2022\/11\/images-31-1.jpeg?resize=350%2C200&ssl=1","width":350,"height":200,"srcset":"https:\/\/i0.wp.com\/geoinformatica.com.py\/wp-content\/uploads\/2022\/11\/images-31-1.jpeg?resize=350%2C200&ssl=1 1x, https:\/\/i0.wp.com\/geoinformatica.com.py\/wp-content\/uploads\/2022\/11\/images-31-1.jpeg?resize=700%2C400&ssl=1 2x"},"classes":[]},{"id":472,"url":"https:\/\/geoinformatica.com.py\/index.php\/productos\/galeria\/conatel-2022\/","url_meta":{"origin":22,"position":3},"title":"TALLER ANTENAS","author":"admin","date":"5 de octubre de 2022","format":false,"excerpt":"Capacitaci\u00f3n y taller en Torres de Telecomunicaciones Se realizo el taller entre los funcionarios inscriptos e invitados por la comisi\u00f3n Nacional de Telecomunicaciones entre los d\u00edas 30\/08\/2022 al 09\/09\/2022. Para tener en cuenta las actividades de planificaci\u00f3n, instalaci\u00f3n y mantenimiento de las redes de telecomunicaciones, si no se hacen de\u2026","rel":"","context":"Entrada similar","block_context":{"text":"Entrada similar","link":""},"img":{"alt_text":"","src":"https:\/\/i0.wp.com\/geoinformatica.com.py\/wp-content\/uploads\/2022\/10\/IMG-20220902-WA0004.jpg?resize=350%2C200","width":350,"height":200},"classes":[]},{"id":371,"url":"https:\/\/geoinformatica.com.py\/index.php\/nosotros\/","url_meta":{"origin":22,"position":4},"title":"Nosotros","author":"admin","date":"30 de septiembre de 2022","format":false,"excerpt":"Somos un equipo de profesionales dedicados a la topograf\u00eda, cartograf\u00eda, levantamiento de informaci\u00f3n tem\u00e1tica, catastros, planificaci\u00f3n territorial y desarrollo de Software, comprometidos con la eficiencia en los procesos, reduciendo costos y tiempo, as\u00ed como con la eficacia en los resultados, buscando en cada proyecto que desarrollamos el componente diferencial que\u2026","rel":"","context":"Entrada similar","block_context":{"text":"Entrada similar","link":""},"img":{"alt_text":"","src":"https:\/\/i0.wp.com\/geoinformatica.com.py\/wp-content\/uploads\/2022\/12\/Dron-2-1024x683.jpg?resize=350%2C200&ssl=1","width":350,"height":200},"classes":[]},{"id":21,"url":"https:\/\/geoinformatica.com.py\/","url_meta":{"origin":22,"position":5},"title":"Inicio","author":"admin","date":"22 de agosto de 2022","format":false,"excerpt":"\u00a1Bienvenido a Geoinform\u00e1tica! \u00a0 Esta es tu p\u00e1gina de Consultor\u00edas y Servicios Inform\u00e1ticos \u00a0 Pase a ver nuestros servicios, realice su pedido de presupuesto sin compromiso. \u00a0 \u00a0 \u00a0 Facebook Linkedin Instagram Whatsapp","rel":"","context":"Entrada similar","block_context":{"text":"Entrada similar","link":""},"img":{"alt_text":"","src":"https:\/\/i0.wp.com\/geoinformatica.com.py\/wp-content\/uploads\/2022\/12\/Dron-2-1024x683.jpg?resize=350%2C200&ssl=1","width":350,"height":200,"srcset":"https:\/\/i0.wp.com\/geoinformatica.com.py\/wp-content\/uploads\/2022\/12\/Dron-2-1024x683.jpg?resize=350%2C200&ssl=1 1x, https:\/\/i0.wp.com\/geoinformatica.com.py\/wp-content\/uploads\/2022\/12\/Dron-2-1024x683.jpg?resize=700%2C400&ssl=1 2x"},"classes":[]}],"amp_enabled":true,"_links":{"self":[{"href":"https:\/\/geoinformatica.com.py\/index.php\/wp-json\/wp\/v2\/pages\/22","targetHints":{"allow":["GET"]}}],"collection":[{"href":"https:\/\/geoinformatica.com.py\/index.php\/wp-json\/wp\/v2\/pages"}],"about":[{"href":"https:\/\/geoinformatica.com.py\/index.php\/wp-json\/wp\/v2\/types\/page"}],"author":[{"embeddable":true,"href":"https:\/\/geoinformatica.com.py\/index.php\/wp-json\/wp\/v2\/users\/1"}],"replies":[{"embeddable":true,"href":"https:\/\/geoinformatica.com.py\/index.php\/wp-json\/wp\/v2\/comments?post=22"}],"version-history":[{"count":21,"href":"https:\/\/geoinformatica.com.py\/index.php\/wp-json\/wp\/v2\/pages\/22\/revisions"}],"predecessor-version":[{"id":1096,"href":"https:\/\/geoinformatica.com.py\/index.php\/wp-json\/wp\/v2\/pages\/22\/revisions\/1096"}],"wp:attachment":[{"href":"https:\/\/geoinformatica.com.py\/index.php\/wp-json\/wp\/v2\/media?parent=22"}],"curies":[{"name":"wp","href":"https:\/\/api.w.org\/{rel}","templated":true}]}}