{"id":1004,"date":"2022-11-22T11:32:15","date_gmt":"2022-11-22T14:32:15","guid":{"rendered":"https:\/\/geoinformatica.com.py\/?page_id=1004"},"modified":"2022-12-14T11:18:12","modified_gmt":"2022-12-14T14:18:12","slug":"club-centenario-monitoreo-uav","status":"publish","type":"page","link":"https:\/\/geoinformatica.com.py\/index.php\/club-centenario-monitoreo-uav\/","title":{"rendered":"Club Centenario \u00abMonitoreo UAV\u00bb"},"content":{"rendered":"<h1 style=\"text-align: center;\"><em>San Juan del Club Centenario &#8211; Sede Social Surubi\u00b4y<\/em><\/h1>\n<h1 style=\"text-align: center;\"><em>Proyecto Monitoreo de Seguridad\u00a0<\/em><\/h1>\n<p>&nbsp;<\/p>\n<h3 style=\"text-align: center;\">Trabajo a\u00e9reo con equipos drones para Evento San Juan en sede Surubi\u2019y, de forma permanente del \u00e1rea correspondiente a 100 has del predio, realiz\u00e1ndose previamente simulaciones y reconocimiento de campo para definici\u00f3n de zonas cr\u00edticas de control durante la realizaci\u00f3n del evento en cuesti\u00f3n.<\/h3>\n<p>&nbsp;<\/p>\n<div class=\"tiled-gallery type-square tiled-gallery-unresized\" data-original-width=\"500\" data-carousel-extra='{&quot;blog_id&quot;:1,&quot;permalink&quot;:&quot;https:\\\/\\\/geoinformatica.com.py\\\/index.php\\\/club-centenario-monitoreo-uav\\\/&quot;,&quot;likes_blog_id&quot;:209873348}' itemscope itemtype=\"http:\/\/schema.org\/ImageGallery\" > <div class=\"gallery-row\" style=\"width: 500px; height: 166px;\" data-original-width=\"500\" data-original-height=\"166\" > <div class=\"gallery-group\" style=\"width: 166px; height: 166px;\" data-original-width=\"166\" data-original-height=\"166\" > <div class=\"tiled-gallery-item \" itemprop=\"associatedMedia\" itemscope itemtype=\"http:\/\/schema.org\/ImageObject\"> <a href=\"https:\/\/i0.wp.com\/geoinformatica.com.py\/wp-content\/uploads\/2022\/12\/Club-Centenario-11.jpg?ssl=1\" border=\"0\" itemprop=\"url\"> <meta itemprop=\"width\" content=\"162\"> <meta itemprop=\"height\" content=\"162\"> <img loading=\"lazy\" decoding=\"async\" data-attachment-id=\"1197\" data-orig-file=\"https:\/\/geoinformatica.com.py\/wp-content\/uploads\/2022\/12\/Club-Centenario-11.jpg\" data-orig-size=\"1280,720\" data-comments-opened=\"1\" data-image-meta=\"{&quot;aperture&quot;:&quot;0&quot;,&quot;credit&quot;:&quot;&quot;,&quot;camera&quot;:&quot;&quot;,&quot;caption&quot;:&quot;&quot;,&quot;created_timestamp&quot;:&quot;0&quot;,&quot;copyright&quot;:&quot;&quot;,&quot;focal_length&quot;:&quot;0&quot;,&quot;iso&quot;:&quot;0&quot;,&quot;shutter_speed&quot;:&quot;0&quot;,&quot;title&quot;:&quot;&quot;,&quot;orientation&quot;:&quot;0&quot;}\" data-image-title=\"Club Centenario 11\" data-image-description=\"\" data-medium-file=\"https:\/\/i0.wp.com\/geoinformatica.com.py\/wp-content\/uploads\/2022\/12\/Club-Centenario-11.jpg?fit=300%2C169&#038;ssl=1\" data-large-file=\"https:\/\/i0.wp.com\/geoinformatica.com.py\/wp-content\/uploads\/2022\/12\/Club-Centenario-11.jpg?fit=1024%2C576&#038;ssl=1\" src=\"https:\/\/i0.wp.com\/geoinformatica.com.py\/wp-content\/uploads\/2022\/12\/Club-Centenario-11.jpg?w=162&#038;h=162&#038;crop=1&#038;ssl=1\" width=\"162\" height=\"162\" data-original-width=\"162\" data-original-height=\"162\" itemprop=\"http:\/\/schema.org\/image\" title=\"Club Centenario 11\" alt=\"Club Centenario 11\" style=\"width: 162px; height: 162px;\" \/> <\/a> <\/div> <\/div> <div class=\"gallery-group\" style=\"width: 166px; height: 166px;\" data-original-width=\"166\" data-original-height=\"166\" > <div class=\"tiled-gallery-item \" itemprop=\"associatedMedia\" itemscope itemtype=\"http:\/\/schema.org\/ImageObject\"> <a href=\"https:\/\/i0.wp.com\/geoinformatica.com.py\/wp-content\/uploads\/2022\/11\/Club-Centenario-1.jpg?ssl=1\" border=\"0\" itemprop=\"url\"> <meta itemprop=\"width\" content=\"162\"> <meta itemprop=\"height\" content=\"162\"> <img loading=\"lazy\" decoding=\"async\" data-attachment-id=\"1008\" data-orig-file=\"https:\/\/geoinformatica.com.py\/wp-content\/uploads\/2022\/11\/Club-Centenario-1.jpg\" data-orig-size=\"1779,1049\" data-comments-opened=\"1\" data-image-meta=\"{&quot;aperture&quot;:&quot;0&quot;,&quot;credit&quot;:&quot;&quot;,&quot;camera&quot;:&quot;&quot;,&quot;caption&quot;:&quot;&quot;,&quot;created_timestamp&quot;:&quot;0&quot;,&quot;copyright&quot;:&quot;&quot;,&quot;focal_length&quot;:&quot;0&quot;,&quot;iso&quot;:&quot;0&quot;,&quot;shutter_speed&quot;:&quot;0&quot;,&quot;title&quot;:&quot;&quot;,&quot;orientation&quot;:&quot;0&quot;}\" data-image-title=\"Club Centenario 1\" data-image-description=\"\" data-medium-file=\"https:\/\/i0.wp.com\/geoinformatica.com.py\/wp-content\/uploads\/2022\/11\/Club-Centenario-1.jpg?fit=300%2C177&#038;ssl=1\" data-large-file=\"https:\/\/i0.wp.com\/geoinformatica.com.py\/wp-content\/uploads\/2022\/11\/Club-Centenario-1.jpg?fit=1024%2C604&#038;ssl=1\" src=\"https:\/\/i0.wp.com\/geoinformatica.com.py\/wp-content\/uploads\/2022\/11\/Club-Centenario-1.jpg?w=162&#038;h=162&#038;crop=1&#038;ssl=1\" width=\"162\" height=\"162\" data-original-width=\"162\" data-original-height=\"162\" itemprop=\"http:\/\/schema.org\/image\" title=\"Club Centenario 1\" alt=\"Club Centenario 1\" style=\"width: 162px; height: 162px;\" \/> <\/a> <\/div> <\/div> <div class=\"gallery-group\" style=\"width: 166px; height: 166px;\" data-original-width=\"166\" data-original-height=\"166\" > <div class=\"tiled-gallery-item \" itemprop=\"associatedMedia\" itemscope itemtype=\"http:\/\/schema.org\/ImageObject\"> <a href=\"https:\/\/i0.wp.com\/geoinformatica.com.py\/wp-content\/uploads\/2022\/11\/Club-Centenario-8.jpg?ssl=1\" border=\"0\" itemprop=\"url\"> <meta itemprop=\"width\" content=\"162\"> <meta itemprop=\"height\" content=\"162\"> <img loading=\"lazy\" decoding=\"async\" data-attachment-id=\"1015\" data-orig-file=\"https:\/\/geoinformatica.com.py\/wp-content\/uploads\/2022\/11\/Club-Centenario-8.jpg\" data-orig-size=\"1841,1037\" data-comments-opened=\"1\" data-image-meta=\"{&quot;aperture&quot;:&quot;0&quot;,&quot;credit&quot;:&quot;&quot;,&quot;camera&quot;:&quot;&quot;,&quot;caption&quot;:&quot;&quot;,&quot;created_timestamp&quot;:&quot;0&quot;,&quot;copyright&quot;:&quot;&quot;,&quot;focal_length&quot;:&quot;0&quot;,&quot;iso&quot;:&quot;0&quot;,&quot;shutter_speed&quot;:&quot;0&quot;,&quot;title&quot;:&quot;&quot;,&quot;orientation&quot;:&quot;0&quot;}\" data-image-title=\"Club Centenario 8\" data-image-description=\"\" data-medium-file=\"https:\/\/i0.wp.com\/geoinformatica.com.py\/wp-content\/uploads\/2022\/11\/Club-Centenario-8.jpg?fit=300%2C169&#038;ssl=1\" data-large-file=\"https:\/\/i0.wp.com\/geoinformatica.com.py\/wp-content\/uploads\/2022\/11\/Club-Centenario-8.jpg?fit=1024%2C577&#038;ssl=1\" src=\"https:\/\/i0.wp.com\/geoinformatica.com.py\/wp-content\/uploads\/2022\/11\/Club-Centenario-8.jpg?w=162&#038;h=162&#038;crop=1&#038;ssl=1\" width=\"162\" height=\"162\" data-original-width=\"162\" data-original-height=\"162\" itemprop=\"http:\/\/schema.org\/image\" title=\"Club Centenario 8\" alt=\"Club Centenario 8\" style=\"width: 162px; height: 162px;\" \/> <\/a> <\/div> <\/div> <\/div> <div class=\"gallery-row\" style=\"width: 500px; height: 166px;\" data-original-width=\"500\" data-original-height=\"166\" > <div class=\"gallery-group\" style=\"width: 166px; height: 166px;\" data-original-width=\"166\" data-original-height=\"166\" > <div class=\"tiled-gallery-item \" itemprop=\"associatedMedia\" itemscope itemtype=\"http:\/\/schema.org\/ImageObject\"> <a href=\"https:\/\/i0.wp.com\/geoinformatica.com.py\/wp-content\/uploads\/2022\/11\/Club-Centenario-6.jpg?ssl=1\" border=\"0\" itemprop=\"url\"> <meta itemprop=\"width\" content=\"162\"> <meta itemprop=\"height\" content=\"162\"> <img loading=\"lazy\" decoding=\"async\" data-attachment-id=\"1013\" data-orig-file=\"https:\/\/geoinformatica.com.py\/wp-content\/uploads\/2022\/11\/Club-Centenario-6.jpg\" data-orig-size=\"1838,1020\" data-comments-opened=\"1\" data-image-meta=\"{&quot;aperture&quot;:&quot;0&quot;,&quot;credit&quot;:&quot;&quot;,&quot;camera&quot;:&quot;&quot;,&quot;caption&quot;:&quot;&quot;,&quot;created_timestamp&quot;:&quot;0&quot;,&quot;copyright&quot;:&quot;&quot;,&quot;focal_length&quot;:&quot;0&quot;,&quot;iso&quot;:&quot;0&quot;,&quot;shutter_speed&quot;:&quot;0&quot;,&quot;title&quot;:&quot;&quot;,&quot;orientation&quot;:&quot;0&quot;}\" data-image-title=\"Club Centenario 6\" data-image-description=\"\" data-medium-file=\"https:\/\/i0.wp.com\/geoinformatica.com.py\/wp-content\/uploads\/2022\/11\/Club-Centenario-6.jpg?fit=300%2C166&#038;ssl=1\" data-large-file=\"https:\/\/i0.wp.com\/geoinformatica.com.py\/wp-content\/uploads\/2022\/11\/Club-Centenario-6.jpg?fit=1024%2C568&#038;ssl=1\" src=\"https:\/\/i0.wp.com\/geoinformatica.com.py\/wp-content\/uploads\/2022\/11\/Club-Centenario-6.jpg?w=162&#038;h=162&#038;crop=1&#038;ssl=1\" width=\"162\" height=\"162\" data-original-width=\"162\" data-original-height=\"162\" itemprop=\"http:\/\/schema.org\/image\" title=\"Club Centenario 6\" alt=\"Club Centenario 6\" style=\"width: 162px; height: 162px;\" \/> <\/a> <\/div> <\/div> <div class=\"gallery-group\" style=\"width: 166px; height: 166px;\" data-original-width=\"166\" data-original-height=\"166\" > <div class=\"tiled-gallery-item \" itemprop=\"associatedMedia\" itemscope itemtype=\"http:\/\/schema.org\/ImageObject\"> <a href=\"https:\/\/i0.wp.com\/geoinformatica.com.py\/wp-content\/uploads\/2022\/11\/Club-Centenario-5.jpg?ssl=1\" border=\"0\" itemprop=\"url\"> <meta itemprop=\"width\" content=\"162\"> <meta itemprop=\"height\" content=\"162\"> <img loading=\"lazy\" decoding=\"async\" data-attachment-id=\"1012\" data-orig-file=\"https:\/\/geoinformatica.com.py\/wp-content\/uploads\/2022\/11\/Club-Centenario-5.jpg\" data-orig-size=\"1673,1036\" data-comments-opened=\"1\" data-image-meta=\"{&quot;aperture&quot;:&quot;0&quot;,&quot;credit&quot;:&quot;&quot;,&quot;camera&quot;:&quot;&quot;,&quot;caption&quot;:&quot;&quot;,&quot;created_timestamp&quot;:&quot;0&quot;,&quot;copyright&quot;:&quot;&quot;,&quot;focal_length&quot;:&quot;0&quot;,&quot;iso&quot;:&quot;0&quot;,&quot;shutter_speed&quot;:&quot;0&quot;,&quot;title&quot;:&quot;&quot;,&quot;orientation&quot;:&quot;0&quot;}\" data-image-title=\"Club Centenario 5\" data-image-description=\"\" data-medium-file=\"https:\/\/i0.wp.com\/geoinformatica.com.py\/wp-content\/uploads\/2022\/11\/Club-Centenario-5.jpg?fit=300%2C186&#038;ssl=1\" data-large-file=\"https:\/\/i0.wp.com\/geoinformatica.com.py\/wp-content\/uploads\/2022\/11\/Club-Centenario-5.jpg?fit=1024%2C634&#038;ssl=1\" src=\"https:\/\/i0.wp.com\/geoinformatica.com.py\/wp-content\/uploads\/2022\/11\/Club-Centenario-5.jpg?w=162&#038;h=162&#038;crop=1&#038;ssl=1\" width=\"162\" height=\"162\" data-original-width=\"162\" data-original-height=\"162\" itemprop=\"http:\/\/schema.org\/image\" title=\"Club Centenario 5\" alt=\"Club Centenario 5\" style=\"width: 162px; height: 162px;\" \/> <\/a> <\/div> <\/div> <div class=\"gallery-group\" style=\"width: 166px; height: 166px;\" data-original-width=\"166\" data-original-height=\"166\" > <div class=\"tiled-gallery-item \" itemprop=\"associatedMedia\" itemscope itemtype=\"http:\/\/schema.org\/ImageObject\"> <a href=\"https:\/\/i0.wp.com\/geoinformatica.com.py\/wp-content\/uploads\/2022\/11\/Club-Centenario-3.jpg?ssl=1\" border=\"0\" itemprop=\"url\"> <meta itemprop=\"width\" content=\"162\"> <meta itemprop=\"height\" content=\"162\"> <img loading=\"lazy\" decoding=\"async\" data-attachment-id=\"1010\" data-orig-file=\"https:\/\/geoinformatica.com.py\/wp-content\/uploads\/2022\/11\/Club-Centenario-3.jpg\" data-orig-size=\"1847,1034\" data-comments-opened=\"1\" data-image-meta=\"{&quot;aperture&quot;:&quot;0&quot;,&quot;credit&quot;:&quot;&quot;,&quot;camera&quot;:&quot;&quot;,&quot;caption&quot;:&quot;&quot;,&quot;created_timestamp&quot;:&quot;0&quot;,&quot;copyright&quot;:&quot;&quot;,&quot;focal_length&quot;:&quot;0&quot;,&quot;iso&quot;:&quot;0&quot;,&quot;shutter_speed&quot;:&quot;0&quot;,&quot;title&quot;:&quot;&quot;,&quot;orientation&quot;:&quot;1&quot;}\" data-image-title=\"Club Centenario 3\" data-image-description=\"\" data-medium-file=\"https:\/\/i0.wp.com\/geoinformatica.com.py\/wp-content\/uploads\/2022\/11\/Club-Centenario-3.jpg?fit=300%2C168&#038;ssl=1\" data-large-file=\"https:\/\/i0.wp.com\/geoinformatica.com.py\/wp-content\/uploads\/2022\/11\/Club-Centenario-3.jpg?fit=1024%2C573&#038;ssl=1\" src=\"https:\/\/i0.wp.com\/geoinformatica.com.py\/wp-content\/uploads\/2022\/11\/Club-Centenario-3.jpg?w=162&#038;h=162&#038;crop=1&#038;ssl=1\" width=\"162\" height=\"162\" data-original-width=\"162\" data-original-height=\"162\" itemprop=\"http:\/\/schema.org\/image\" title=\"Club Centenario 3\" alt=\"Club Centenario 3\" style=\"width: 162px; height: 162px;\" \/> <\/a> <\/div> <\/div> <\/div> <\/div>\n","protected":false},"excerpt":{"rendered":"<p>San Juan del Club Centenario &#8211; Sede Social Surubi\u00b4y Proyecto Monitoreo de Seguridad\u00a0 &nbsp; Trabajo a\u00e9reo con equipos drones para Evento San Juan en sede Surubi\u2019y, de forma permanente del \u00e1rea correspondiente a 100 has del predio, realiz\u00e1ndose previamente simulaciones y reconocimiento de campo para definici\u00f3n de zonas cr\u00edticas de control durante la realizaci\u00f3n del evento en cuesti\u00f3n. &nbsp;<\/p>\n","protected":false},"author":1,"featured_media":0,"parent":0,"menu_order":0,"comment_status":"closed","ping_status":"closed","template":"","meta":{"footnotes":""},"class_list":["post-1004","page","type-page","status-publish","hentry"],"jetpack-related-posts":[{"id":359,"url":"https:\/\/geoinformatica.com.py\/index.php\/productos\/proyectos\/","url_meta":{"origin":1004,"position":0},"title":"Proyectos","author":"admin","date":"26 de septiembre de 2022","format":false,"excerpt":"Aqu\u00ed encontraras los proyectos realizados Monitoreo evento Club Centenario\u00a0 Proyecto de Alcantarillado Ciudad de Piribebuy Levantamiento Cartogr\u00e1fico Ciudad de Santan\u00ed\u00a0 Taller sobre Antenas Taller Manejo de Drones \u00a0 \u00a0 \u00a0 \u00a0 \u00a0","rel":"","context":"Entrada similar","block_context":{"text":"Entrada similar","link":""},"img":{"alt_text":"","src":"https:\/\/i0.wp.com\/geoinformatica.com.py\/wp-content\/uploads\/2022\/08\/301955620_577536284046746_1817738026925793432_n-scaled.jpg?resize=350%2C200&ssl=1","width":350,"height":200,"srcset":"https:\/\/i0.wp.com\/geoinformatica.com.py\/wp-content\/uploads\/2022\/08\/301955620_577536284046746_1817738026925793432_n-scaled.jpg?resize=350%2C200&ssl=1 1x, https:\/\/i0.wp.com\/geoinformatica.com.py\/wp-content\/uploads\/2022\/08\/301955620_577536284046746_1817738026925793432_n-scaled.jpg?resize=700%2C400&ssl=1 2x, https:\/\/i0.wp.com\/geoinformatica.com.py\/wp-content\/uploads\/2022\/08\/301955620_577536284046746_1817738026925793432_n-scaled.jpg?resize=1050%2C600&ssl=1 3x, https:\/\/i0.wp.com\/geoinformatica.com.py\/wp-content\/uploads\/2022\/08\/301955620_577536284046746_1817738026925793432_n-scaled.jpg?resize=1400%2C800&ssl=1 4x"},"classes":[]},{"id":22,"url":"https:\/\/geoinformatica.com.py\/index.php\/productos\/","url_meta":{"origin":1004,"position":1},"title":"Productos","author":"admin","date":"18 de noviembre de 2022","format":false,"excerpt":"Brindamos los siguientes servicios, de modo a solicitar tu presupuesto acorde a tus necesidades.\u00a0 \u00a0 Cursos de Drones.\u00a0 Monitoreo de Seguridad.\u00a0 Fotogrametr\u00eda.\u00a0 Levantamiento Cartogr\u00e1fico 3D.\u00a0 Planos en 3D. Planos Georreferenciados. Consultor\u00eda.\u00a0 Servicios Topogr\u00e1ficas en Gral. Desarrollo de Software.\u00a0 Desarrollo de App.\u00a0 Academia OnLine.\u00a0 \u00a0 Favor completar el formulario que preparamos,\u2026","rel":"","context":"Entrada similar","block_context":{"text":"Entrada similar","link":""},"img":{"alt_text":"","src":"https:\/\/i0.wp.com\/geoinformatica.com.py\/wp-content\/uploads\/2022\/10\/IMG-DESARROLLO-SOFTWARE-e1666188901659.jpg?resize=350%2C200&ssl=1","width":350,"height":200},"classes":[]},{"id":983,"url":"https:\/\/geoinformatica.com.py\/index.php\/proyecto-alcantarillado-piribebuy\/","url_meta":{"origin":1004,"position":2},"title":"Levantamiento Cartogr\u00e1fico","author":"admin","date":"22 de noviembre de 2022","format":false,"excerpt":"Proyecto Alcantarillado Eusebio Ayala, Piribebuy, San Estanislao y Alberdi Dentro del proceso para el saneamiento de las ciudades Eusebio Ayala, Piribebuy, San Estanislao y Alberdi, se dio inicio al trabajo de consultor\u00eda, para desarrollar los estudios de factibilidad y elaboraci\u00f3n de anteproyecto avanzado para sistemas de alcantarillado sanitario, planta de\u2026","rel":"","context":"Entrada similar","block_context":{"text":"Entrada similar","link":""},"img":{"alt_text":"","src":"https:\/\/i0.wp.com\/geoinformatica.com.py\/wp-content\/uploads\/2022\/11\/273110593_4890051387751498_4130194680785912388_n.jpg?resize=350%2C200","width":350,"height":200},"classes":[]}],"amp_enabled":true,"_links":{"self":[{"href":"https:\/\/geoinformatica.com.py\/index.php\/wp-json\/wp\/v2\/pages\/1004","targetHints":{"allow":["GET"]}}],"collection":[{"href":"https:\/\/geoinformatica.com.py\/index.php\/wp-json\/wp\/v2\/pages"}],"about":[{"href":"https:\/\/geoinformatica.com.py\/index.php\/wp-json\/wp\/v2\/types\/page"}],"author":[{"embeddable":true,"href":"https:\/\/geoinformatica.com.py\/index.php\/wp-json\/wp\/v2\/users\/1"}],"replies":[{"embeddable":true,"href":"https:\/\/geoinformatica.com.py\/index.php\/wp-json\/wp\/v2\/comments?post=1004"}],"version-history":[{"count":11,"href":"https:\/\/geoinformatica.com.py\/index.php\/wp-json\/wp\/v2\/pages\/1004\/revisions"}],"predecessor-version":[{"id":1198,"href":"https:\/\/geoinformatica.com.py\/index.php\/wp-json\/wp\/v2\/pages\/1004\/revisions\/1198"}],"wp:attachment":[{"href":"https:\/\/geoinformatica.com.py\/index.php\/wp-json\/wp\/v2\/media?parent=1004"}],"curies":[{"name":"wp","href":"https:\/\/api.w.org\/{rel}","templated":true}]}}